{"id":3595,"date":"2022-09-13T08:31:00","date_gmt":"2022-09-13T06:31:00","guid":{"rendered":"https:\/\/slodyczezpomyslem.invette.dev\/produkt\/zestaw-prezentowy-bn02-28-17\/"},"modified":"2025-11-13T11:10:01","modified_gmt":"2025-11-13T10:10:01","slug":"zestaw-prezentowy-bn02","status":"publish","type":"product","link":"https:\/\/www.slodyczezpomyslem.pl\/en\/produkt\/zestaw-prezentowy-bn02\/","title":{"rendered":"ZESTAW PREZENTOWY BN02"},"content":{"rendered":"<p>\u2022 elegancki zestaw prezentowy w naturalnym stylu<br data-start=\"118\" data-end=\"121\" \/>\u2022 w zestawie:<br data-start=\"134\" data-end=\"137\" \/>\u2013 herbata li\u015bciasta \u015bwi\u0105teczna 50 g (czarna herbata z any\u017cem, migda\u0142ami, go\u017adzikami, malin\u0105 liofilizowan\u0105 i p\u0142atkami r\u00f3\u017cy)<br data-start=\"259\" data-end=\"262\" \/>\u2013 kawa mielona 65 g<br data-start=\"281\" data-end=\"284\" \/>\u2013 konfitura pomara\u0144czowa 40 g<br data-start=\"313\" data-end=\"316\" \/>\u2013 mi\u00f3d pszczeli nektarowy lipowy 50g,<br data-start=\"353\" data-end=\"356\" \/>\u2022 na opakowaniach herbaty i kawy etykietki samoprzylepne z dowolnym nadrukiem reklamowym CMYK<br data-start=\"449\" data-end=\"452\" \/>\u2022 s\u0142oiczki z oryginalnymi etykietkami producenta <strong data-start=\"501\" data-end=\"511\">Eterno<\/strong><br data-start=\"511\" data-end=\"514\" \/>\u2022 ca\u0142o\u015b\u0107 starannie u\u0142o\u017cona w br\u0105zowym pude\u0142ku fasonowym, wype\u0142nionym naturaln\u0105 we\u0142n\u0105 drzewn\u0105<br data-start=\"606\" data-end=\"609\" \/>\u2022 pude\u0142ko owini\u0119te kartonow\u0105 obwolut\u0105 z dowolnym nadrukiem reklamowym CMYK na ca\u0142ej powierzchni<br data-start=\"704\" data-end=\"707\" \/>\u2022 mo\u017cliwo\u015b\u0107 personalizacji projektu \u2013 logo firmy, \u015bwi\u0105teczne \u017cyczenia lub grafika w indywidualnym stylu<\/p>\n","protected":false},"excerpt":{"rendered":"<p>\u2022 elegancki zestaw prezentowy w naturalnym stylu\u2022 w zestawie:\u2013 herbata li\u015bciasta \u015bwi\u0105teczna 50 g (czarna herbata z any\u017cem, migda\u0142ami, go\u017adzikami, [&hellip;]<\/p>\n","protected":false},"featured_media":3596,"comment_status":"open","ping_status":"closed","template":"","meta":{"_acf_changed":false,"site-sidebar-layout":"default","site-content-layout":"","ast-site-content-layout":"default","site-content-style":"default","site-sidebar-style":"default","ast-global-header-display":"","ast-banner-title-visibility":"","ast-main-header-display":"","ast-hfb-above-header-display":"","ast-hfb-below-header-display":"","ast-hfb-mobile-header-display":"","site-post-title":"","ast-breadcrumbs-content":"","ast-featured-img":"","footer-sml-layout":"","theme-transparent-header-meta":"default","adv-header-id-meta":"","stick-header-meta":"","header-above-stick-meta":"","header-main-stick-meta":"","header-below-stick-meta":"","astra-migrate-meta-layouts":"set","ast-page-background-enabled":"default","ast-page-background-meta":{"desktop":{"background-color":"var(--ast-global-color-5)","background-image":"","background-repeat":"repeat","background-position":"center center","background-size":"auto","background-attachment":"scroll","background-type":"","background-media":"","overlay-type":"","overlay-color":"","overlay-opacity":"","overlay-gradient":""},"tablet":{"background-color":"","background-image":"","background-repeat":"repeat","background-position":"center center","background-size":"auto","background-attachment":"scroll","background-type":"","background-media":"","overlay-type":"","overlay-color":"","overlay-opacity":"","overlay-gradient":""},"mobile":{"background-color":"","background-image":"","background-repeat":"repeat","background-position":"center center","background-size":"auto","background-attachment":"scroll","background-type":"","background-media":"","overlay-type":"","overlay-color":"","overlay-opacity":"","overlay-gradient":""}},"ast-content-background-meta":{"desktop":{"background-color":"var(--ast-global-color-4)","background-image":"","background-repeat":"repeat","background-position":"center center","background-size":"auto","background-attachment":"scroll","background-type":"","background-media":"","overlay-type":"","overlay-color":"","overlay-opacity":"","overlay-gradient":""},"tablet":{"background-color":"var(--ast-global-color-4)","background-image":"","background-repeat":"repeat","background-position":"center center","background-size":"auto","background-attachment":"scroll","background-type":"","background-media":"","overlay-type":"","overlay-color":"","overlay-opacity":"","overlay-gradient":""},"mobile":{"background-color":"var(--ast-global-color-4)","background-image":"","background-repeat":"repeat","background-position":"center center","background-size":"auto","background-attachment":"scroll","background-type":"","background-media":"","overlay-type":"","overlay-color":"","overlay-opacity":"","overlay-gradient":""}}},"product_brand":[],"product_cat":[208,136,306,50],"product_tag":[],"class_list":{"0":"post-3595","1":"product","2":"type-product","3":"status-publish","4":"has-post-thumbnail","6":"product_cat-bombonierki-zestawy","7":"product_cat-boze-narodzenie","8":"product_cat-produkty-premium","9":"product_cat-produkty","10":"pa_masa-netto-ok-205g-en","11":"pa_masa-netto-ok-205g","12":"pa_minimalne-zamowienie-50-szt-en","13":"pa_minimalne-zamowienie-50-szt","14":"pa_okres-przydatnosci-kawa-i-herbata-24-miesiace-miod-i-konfitura-12-miesiecy-en","15":"pa_okres-przydatnosci-kawa-i-herbata-24-miesiace-miod-i-konfitura-12-miesiecy","16":"desktop-align-left","17":"tablet-align-left","18":"mobile-align-left","20":"first","21":"instock","22":"shipping-taxable","23":"purchasable","24":"product-type-simple"},"acf":[],"yoast_head":"<!-- This site is optimized with the Yoast SEO plugin v26.6 - https:\/\/yoast.com\/wordpress\/plugins\/seo\/ -->\n<title>Zestaw Prezentowy BN02 (28.17) - S\u0142odycze reklamowe B&amp;B<\/title>\n<meta name=\"description\" content=\"Zestaw Prezentowy BN02 (28.17). Reklama i s\u0142odycze to nasze dwie pasje. \u0141\u0105czymy je w s\u0142odycze reklamowe, kt\u00f3re buduj\u0105 Tw\u00f3j pozytywny wizerunek. W czym mo\u017cemy pom\u00f3c?\" \/>\n<meta name=\"robots\" content=\"index, follow, max-snippet:-1, max-image-preview:large, max-video-preview:-1\" \/>\n<link rel=\"canonical\" href=\"https:\/\/www.slodyczezpomyslem.pl\/en\/produkt\/zestaw-prezentowy-bn02\/\" \/>\n<meta property=\"og:locale\" content=\"en_US\" \/>\n<meta property=\"og:type\" content=\"article\" \/>\n<meta property=\"og:title\" content=\"Zestaw Prezentowy BN02 (28.17) - S\u0142odycze reklamowe B&amp;B\" \/>\n<meta property=\"og:description\" content=\"Zestaw Prezentowy BN02 (28.17). Reklama i s\u0142odycze to nasze dwie pasje. \u0141\u0105czymy je w s\u0142odycze reklamowe, kt\u00f3re buduj\u0105 Tw\u00f3j pozytywny wizerunek. W czym mo\u017cemy pom\u00f3c?\" \/>\n<meta property=\"og:url\" content=\"https:\/\/www.slodyczezpomyslem.pl\/en\/produkt\/zestaw-prezentowy-bn02\/\" \/>\n<meta property=\"og:site_name\" content=\"S\u0142odycze z Pomys\u0142em\" \/>\n<meta property=\"article:modified_time\" content=\"2025-11-13T10:10:01+00:00\" \/>\n<meta property=\"og:image\" content=\"https:\/\/www.slodyczezpomyslem.pl\/wp-content\/uploads\/2025\/06\/2024_28.17.jpg\" \/>\n\t<meta property=\"og:image:width\" content=\"1200\" \/>\n\t<meta property=\"og:image:height\" content=\"900\" \/>\n\t<meta property=\"og:image:type\" content=\"image\/jpeg\" \/>\n<meta name=\"twitter:card\" content=\"summary_large_image\" \/>\n<meta name=\"twitter:label1\" content=\"Est. reading time\" \/>\n\t<meta name=\"twitter:data1\" content=\"1 minute\" \/>\n<script type=\"application\/ld+json\" class=\"yoast-schema-graph\">{\"@context\":\"https:\/\/schema.org\",\"@graph\":[{\"@type\":\"WebPage\",\"@id\":\"https:\/\/www.slodyczezpomyslem.pl\/en\/produkt\/zestaw-prezentowy-bn02\/\",\"url\":\"https:\/\/www.slodyczezpomyslem.pl\/en\/produkt\/zestaw-prezentowy-bn02\/\",\"name\":\"Zestaw Prezentowy BN02 (28.17) - S\u0142odycze reklamowe B&amp;B\",\"isPartOf\":{\"@id\":\"https:\/\/www.slodyczezpomyslem.pl\/#website\"},\"primaryImageOfPage\":{\"@id\":\"https:\/\/www.slodyczezpomyslem.pl\/en\/produkt\/zestaw-prezentowy-bn02\/#primaryimage\"},\"image\":{\"@id\":\"https:\/\/www.slodyczezpomyslem.pl\/en\/produkt\/zestaw-prezentowy-bn02\/#primaryimage\"},\"thumbnailUrl\":\"https:\/\/www.slodyczezpomyslem.pl\/wp-content\/uploads\/2025\/06\/2024_28.17.jpg\",\"datePublished\":\"2022-09-13T06:31:00+00:00\",\"dateModified\":\"2025-11-13T10:10:01+00:00\",\"description\":\"Zestaw Prezentowy BN02 (28.17). Reklama i s\u0142odycze to nasze dwie pasje. \u0141\u0105czymy je w s\u0142odycze reklamowe, kt\u00f3re buduj\u0105 Tw\u00f3j pozytywny wizerunek. W czym mo\u017cemy pom\u00f3c?\",\"breadcrumb\":{\"@id\":\"https:\/\/www.slodyczezpomyslem.pl\/en\/produkt\/zestaw-prezentowy-bn02\/#breadcrumb\"},\"inLanguage\":\"en-US\",\"potentialAction\":[{\"@type\":\"ReadAction\",\"target\":[\"https:\/\/www.slodyczezpomyslem.pl\/en\/produkt\/zestaw-prezentowy-bn02\/\"]}]},{\"@type\":\"ImageObject\",\"inLanguage\":\"en-US\",\"@id\":\"https:\/\/www.slodyczezpomyslem.pl\/en\/produkt\/zestaw-prezentowy-bn02\/#primaryimage\",\"url\":\"https:\/\/www.slodyczezpomyslem.pl\/wp-content\/uploads\/2025\/06\/2024_28.17.jpg\",\"contentUrl\":\"https:\/\/www.slodyczezpomyslem.pl\/wp-content\/uploads\/2025\/06\/2024_28.17.jpg\",\"width\":1200,\"height\":900,\"caption\":\"\u015awi\u0105teczny zestaw prezentowy z kartonow\u0105 obwolut\u0105 i indywidualnym nadrukiem reklamowym\"},{\"@type\":\"BreadcrumbList\",\"@id\":\"https:\/\/www.slodyczezpomyslem.pl\/en\/produkt\/zestaw-prezentowy-bn02\/#breadcrumb\",\"itemListElement\":[{\"@type\":\"ListItem\",\"position\":1,\"name\":\"Strona g\u0142\u00f3wna\",\"item\":\"https:\/\/www.slodyczezpomyslem.pl\/en\/\"},{\"@type\":\"ListItem\",\"position\":2,\"name\":\"Shop\",\"item\":\"https:\/\/www.slodyczezpomyslem.pl\/en\/shop\/\"},{\"@type\":\"ListItem\",\"position\":3,\"name\":\"ZESTAW PREZENTOWY BN02\"}]},{\"@type\":\"WebSite\",\"@id\":\"https:\/\/www.slodyczezpomyslem.pl\/#website\",\"url\":\"https:\/\/www.slodyczezpomyslem.pl\/\",\"name\":\"S\u0142odycze z Pomys\u0142em\",\"description\":\"\",\"potentialAction\":[{\"@type\":\"SearchAction\",\"target\":{\"@type\":\"EntryPoint\",\"urlTemplate\":\"https:\/\/www.slodyczezpomyslem.pl\/?s={search_term_string}\"},\"query-input\":{\"@type\":\"PropertyValueSpecification\",\"valueRequired\":true,\"valueName\":\"search_term_string\"}}],\"inLanguage\":\"en-US\"}]}<\/script>\n<!-- \/ Yoast SEO plugin. -->","yoast_head_json":{"title":"Zestaw Prezentowy BN02 (28.17) - S\u0142odycze reklamowe B&amp;B","description":"Zestaw Prezentowy BN02 (28.17). Reklama i s\u0142odycze to nasze dwie pasje. \u0141\u0105czymy je w s\u0142odycze reklamowe, kt\u00f3re buduj\u0105 Tw\u00f3j pozytywny wizerunek. W czym mo\u017cemy pom\u00f3c?","robots":{"index":"index","follow":"follow","max-snippet":"max-snippet:-1","max-image-preview":"max-image-preview:large","max-video-preview":"max-video-preview:-1"},"canonical":"https:\/\/www.slodyczezpomyslem.pl\/en\/produkt\/zestaw-prezentowy-bn02\/","og_locale":"en_US","og_type":"article","og_title":"Zestaw Prezentowy BN02 (28.17) - S\u0142odycze reklamowe B&amp;B","og_description":"Zestaw Prezentowy BN02 (28.17). Reklama i s\u0142odycze to nasze dwie pasje. \u0141\u0105czymy je w s\u0142odycze reklamowe, kt\u00f3re buduj\u0105 Tw\u00f3j pozytywny wizerunek. W czym mo\u017cemy pom\u00f3c?","og_url":"https:\/\/www.slodyczezpomyslem.pl\/en\/produkt\/zestaw-prezentowy-bn02\/","og_site_name":"S\u0142odycze z Pomys\u0142em","article_modified_time":"2025-11-13T10:10:01+00:00","og_image":[{"width":1200,"height":900,"url":"https:\/\/www.slodyczezpomyslem.pl\/wp-content\/uploads\/2025\/06\/2024_28.17.jpg","type":"image\/jpeg"}],"twitter_card":"summary_large_image","twitter_misc":{"Est. reading time":"1 minute"},"schema":{"@context":"https:\/\/schema.org","@graph":[{"@type":"WebPage","@id":"https:\/\/www.slodyczezpomyslem.pl\/en\/produkt\/zestaw-prezentowy-bn02\/","url":"https:\/\/www.slodyczezpomyslem.pl\/en\/produkt\/zestaw-prezentowy-bn02\/","name":"Zestaw Prezentowy BN02 (28.17) - S\u0142odycze reklamowe B&amp;B","isPartOf":{"@id":"https:\/\/www.slodyczezpomyslem.pl\/#website"},"primaryImageOfPage":{"@id":"https:\/\/www.slodyczezpomyslem.pl\/en\/produkt\/zestaw-prezentowy-bn02\/#primaryimage"},"image":{"@id":"https:\/\/www.slodyczezpomyslem.pl\/en\/produkt\/zestaw-prezentowy-bn02\/#primaryimage"},"thumbnailUrl":"https:\/\/www.slodyczezpomyslem.pl\/wp-content\/uploads\/2025\/06\/2024_28.17.jpg","datePublished":"2022-09-13T06:31:00+00:00","dateModified":"2025-11-13T10:10:01+00:00","description":"Zestaw Prezentowy BN02 (28.17). Reklama i s\u0142odycze to nasze dwie pasje. \u0141\u0105czymy je w s\u0142odycze reklamowe, kt\u00f3re buduj\u0105 Tw\u00f3j pozytywny wizerunek. W czym mo\u017cemy pom\u00f3c?","breadcrumb":{"@id":"https:\/\/www.slodyczezpomyslem.pl\/en\/produkt\/zestaw-prezentowy-bn02\/#breadcrumb"},"inLanguage":"en-US","potentialAction":[{"@type":"ReadAction","target":["https:\/\/www.slodyczezpomyslem.pl\/en\/produkt\/zestaw-prezentowy-bn02\/"]}]},{"@type":"ImageObject","inLanguage":"en-US","@id":"https:\/\/www.slodyczezpomyslem.pl\/en\/produkt\/zestaw-prezentowy-bn02\/#primaryimage","url":"https:\/\/www.slodyczezpomyslem.pl\/wp-content\/uploads\/2025\/06\/2024_28.17.jpg","contentUrl":"https:\/\/www.slodyczezpomyslem.pl\/wp-content\/uploads\/2025\/06\/2024_28.17.jpg","width":1200,"height":900,"caption":"\u015awi\u0105teczny zestaw prezentowy z kartonow\u0105 obwolut\u0105 i indywidualnym nadrukiem reklamowym"},{"@type":"BreadcrumbList","@id":"https:\/\/www.slodyczezpomyslem.pl\/en\/produkt\/zestaw-prezentowy-bn02\/#breadcrumb","itemListElement":[{"@type":"ListItem","position":1,"name":"Strona g\u0142\u00f3wna","item":"https:\/\/www.slodyczezpomyslem.pl\/en\/"},{"@type":"ListItem","position":2,"name":"Shop","item":"https:\/\/www.slodyczezpomyslem.pl\/en\/shop\/"},{"@type":"ListItem","position":3,"name":"ZESTAW PREZENTOWY BN02"}]},{"@type":"WebSite","@id":"https:\/\/www.slodyczezpomyslem.pl\/#website","url":"https:\/\/www.slodyczezpomyslem.pl\/","name":"S\u0142odycze z Pomys\u0142em","description":"","potentialAction":[{"@type":"SearchAction","target":{"@type":"EntryPoint","urlTemplate":"https:\/\/www.slodyczezpomyslem.pl\/?s={search_term_string}"},"query-input":{"@type":"PropertyValueSpecification","valueRequired":true,"valueName":"search_term_string"}}],"inLanguage":"en-US"}]}},"_links":{"self":[{"href":"https:\/\/www.slodyczezpomyslem.pl\/en\/wp-json\/wp\/v2\/product\/3595","targetHints":{"allow":["GET"]}}],"collection":[{"href":"https:\/\/www.slodyczezpomyslem.pl\/en\/wp-json\/wp\/v2\/product"}],"about":[{"href":"https:\/\/www.slodyczezpomyslem.pl\/en\/wp-json\/wp\/v2\/types\/product"}],"replies":[{"embeddable":true,"href":"https:\/\/www.slodyczezpomyslem.pl\/en\/wp-json\/wp\/v2\/comments?post=3595"}],"version-history":[{"count":4,"href":"https:\/\/www.slodyczezpomyslem.pl\/en\/wp-json\/wp\/v2\/product\/3595\/revisions"}],"predecessor-version":[{"id":17548,"href":"https:\/\/www.slodyczezpomyslem.pl\/en\/wp-json\/wp\/v2\/product\/3595\/revisions\/17548"}],"wp:featuredmedia":[{"embeddable":true,"href":"https:\/\/www.slodyczezpomyslem.pl\/en\/wp-json\/wp\/v2\/media\/3596"}],"wp:attachment":[{"href":"https:\/\/www.slodyczezpomyslem.pl\/en\/wp-json\/wp\/v2\/media?parent=3595"}],"wp:term":[{"taxonomy":"product_brand","embeddable":true,"href":"https:\/\/www.slodyczezpomyslem.pl\/en\/wp-json\/wp\/v2\/product_brand?post=3595"},{"taxonomy":"product_cat","embeddable":true,"href":"https:\/\/www.slodyczezpomyslem.pl\/en\/wp-json\/wp\/v2\/product_cat?post=3595"},{"taxonomy":"product_tag","embeddable":true,"href":"https:\/\/www.slodyczezpomyslem.pl\/en\/wp-json\/wp\/v2\/product_tag?post=3595"}],"curies":[{"name":"wp","href":"https:\/\/api.w.org\/{rel}","templated":true}]}}