{"id":2030,"date":"2017-03-31T07:46:00","date_gmt":"2017-03-31T05:46:00","guid":{"rendered":"https:\/\/slodyczezpomyslem.invette.dev\/produkt\/zelki-serca-torebkach-40g\/"},"modified":"2025-09-30T13:49:19","modified_gmt":"2025-09-30T11:49:19","slug":"zelki-serca-torebkach-40g-22-03","status":"publish","type":"product","link":"https:\/\/www.slodyczezpomyslem.pl\/en\/produkt\/zelki-serca-torebkach-40g-22-03\/","title":{"rendered":"\u017bELKI SERCA W TOREBKACH 40G"},"content":{"rendered":"<p>\u2022 \u017celki owocowe w kszta\u0142cie serc o smaku truskawkowym<br data-start=\"77\" data-end=\"80\" \/>\u2022 pakowane w torebki foliowe z bia\u0142ej lub przezroczystej folii<br data-start=\"142\" data-end=\"145\" data-is-only-node=\"\" \/>\u2022 dowolny nadruk reklamowy do 4 kolor\u00f3w Pantone (flexodruk) bez przej\u015b\u0107 tonalnych, wymagany bia\u0142y podk\u0142ad pod nadruk<\/p>\n","protected":false},"excerpt":{"rendered":"<p>\u2022 \u017celki owocowe w kszta\u0142cie serc o smaku truskawkowym\u2022 pakowane w torebki foliowe z bia\u0142ej lub przezroczystej folii\u2022 dowolny nadruk [&hellip;]<\/p>\n","protected":false},"featured_media":2031,"comment_status":"open","ping_status":"closed","template":"","meta":{"_acf_changed":false,"site-sidebar-layout":"default","site-content-layout":"","ast-site-content-layout":"default","site-content-style":"default","site-sidebar-style":"default","ast-global-header-display":"","ast-banner-title-visibility":"","ast-main-header-display":"","ast-hfb-above-header-display":"","ast-hfb-below-header-display":"","ast-hfb-mobile-header-display":"","site-post-title":"","ast-breadcrumbs-content":"","ast-featured-img":"","footer-sml-layout":"","theme-transparent-header-meta":"default","adv-header-id-meta":"","stick-header-meta":"","header-above-stick-meta":"","header-main-stick-meta":"","header-below-stick-meta":"","astra-migrate-meta-layouts":"set","ast-page-background-enabled":"default","ast-page-background-meta":{"desktop":{"background-color":"var(--ast-global-color-5)","background-image":"","background-repeat":"repeat","background-position":"center center","background-size":"auto","background-attachment":"scroll","background-type":"","background-media":"","overlay-type":"","overlay-color":"","overlay-opacity":"","overlay-gradient":""},"tablet":{"background-color":"","background-image":"","background-repeat":"repeat","background-position":"center center","background-size":"auto","background-attachment":"scroll","background-type":"","background-media":"","overlay-type":"","overlay-color":"","overlay-opacity":"","overlay-gradient":""},"mobile":{"background-color":"","background-image":"","background-repeat":"repeat","background-position":"center center","background-size":"auto","background-attachment":"scroll","background-type":"","background-media":"","overlay-type":"","overlay-color":"","overlay-opacity":"","overlay-gradient":""}},"ast-content-background-meta":{"desktop":{"background-color":"var(--ast-global-color-4)","background-image":"","background-repeat":"repeat","background-position":"center center","background-size":"auto","background-attachment":"scroll","background-type":"","background-media":"","overlay-type":"","overlay-color":"","overlay-opacity":"","overlay-gradient":""},"tablet":{"background-color":"var(--ast-global-color-4)","background-image":"","background-repeat":"repeat","background-position":"center center","background-size":"auto","background-attachment":"scroll","background-type":"","background-media":"","overlay-type":"","overlay-color":"","overlay-opacity":"","overlay-gradient":""},"mobile":{"background-color":"var(--ast-global-color-4)","background-image":"","background-repeat":"repeat","background-position":"center center","background-size":"auto","background-attachment":"scroll","background-type":"","background-media":"","overlay-type":"","overlay-color":"","overlay-opacity":"","overlay-gradient":""}}},"product_brand":[],"product_cat":[129,50,434],"product_tag":[],"class_list":{"0":"post-2030","1":"product","2":"type-product","3":"status-publish","4":"has-post-thumbnail","6":"product_cat-walentynki","7":"product_cat-produkty","8":"product_cat-zelki","9":"pa_minimalne-zamowienie-2-000-szt-en","10":"pa_minimalne-zamowienie-2-000-szt","11":"pa_okres-przydatnosci-6-miesiecy","12":"pa_okres-przydatnosci-6-miesiecy-en","13":"desktop-align-left","14":"tablet-align-left","15":"mobile-align-left","17":"first","18":"instock","19":"shipping-taxable","20":"purchasable","21":"product-type-simple"},"acf":[],"yoast_head":"<!-- This site is optimized with the Yoast SEO plugin v27.4 - https:\/\/yoast.com\/product\/yoast-seo-wordpress\/ -->\n<title>\u017belki Serca w Torebkach 40g 22.03 - S\u0142odycze reklamowe B&amp;B<\/title>\n<meta name=\"description\" content=\"\u017belki Serca w Torebkach 40g 22.03. Reklama i s\u0142odycze to nasze dwie pasje. \u0141\u0105czymy je w s\u0142odycze reklamowe, kt\u00f3re buduj\u0105 Tw\u00f3j pozytywny wizerunek. W czym mo\u017cemy pom\u00f3c?\" \/>\n<meta name=\"robots\" content=\"index, follow, max-snippet:-1, max-image-preview:large, max-video-preview:-1\" \/>\n<link rel=\"canonical\" href=\"https:\/\/www.slodyczezpomyslem.pl\/produkt\/zelki-serca-torebkach-40g-22-03\/\" \/>\n<meta property=\"og:locale\" content=\"en_US\" \/>\n<meta property=\"og:type\" content=\"article\" \/>\n<meta property=\"og:title\" content=\"\u017belki Serca w Torebkach 40g 22.03 - S\u0142odycze reklamowe B&amp;B\" \/>\n<meta property=\"og:description\" content=\"\u017belki Serca w Torebkach 40g 22.03. Reklama i s\u0142odycze to nasze dwie pasje. \u0141\u0105czymy je w s\u0142odycze reklamowe, kt\u00f3re buduj\u0105 Tw\u00f3j pozytywny wizerunek. W czym mo\u017cemy pom\u00f3c?\" \/>\n<meta property=\"og:url\" content=\"https:\/\/www.slodyczezpomyslem.pl\/produkt\/zelki-serca-torebkach-40g-22-03\/\" \/>\n<meta property=\"og:site_name\" content=\"S\u0142odycze z Pomys\u0142em\" \/>\n<meta property=\"article:modified_time\" content=\"2025-09-30T11:49:19+00:00\" \/>\n<meta property=\"og:image\" content=\"https:\/\/www.slodyczezpomyslem.pl\/wp-content\/uploads\/2025\/06\/22.03_walentynki.jpg\" \/>\n\t<meta property=\"og:image:width\" content=\"750\" \/>\n\t<meta property=\"og:image:height\" content=\"531\" \/>\n\t<meta property=\"og:image:type\" content=\"image\/jpeg\" \/>\n<meta name=\"twitter:card\" content=\"summary_large_image\" \/>\n<meta name=\"twitter:label1\" content=\"Est. reading time\" \/>\n\t<meta name=\"twitter:data1\" content=\"1 minute\" \/>\n<script type=\"application\/ld+json\" class=\"yoast-schema-graph\">{\"@context\":\"https:\\\/\\\/schema.org\",\"@graph\":[{\"@type\":\"WebPage\",\"@id\":\"https:\\\/\\\/www.slodyczezpomyslem.pl\\\/produkt\\\/zelki-serca-torebkach-40g-22-03\\\/\",\"url\":\"https:\\\/\\\/www.slodyczezpomyslem.pl\\\/produkt\\\/zelki-serca-torebkach-40g-22-03\\\/\",\"name\":\"\u017belki Serca w Torebkach 40g 22.03 - S\u0142odycze reklamowe B&amp;B\",\"isPartOf\":{\"@id\":\"https:\\\/\\\/www.slodyczezpomyslem.pl\\\/#website\"},\"primaryImageOfPage\":{\"@id\":\"https:\\\/\\\/www.slodyczezpomyslem.pl\\\/produkt\\\/zelki-serca-torebkach-40g-22-03\\\/#primaryimage\"},\"image\":{\"@id\":\"https:\\\/\\\/www.slodyczezpomyslem.pl\\\/produkt\\\/zelki-serca-torebkach-40g-22-03\\\/#primaryimage\"},\"thumbnailUrl\":\"https:\\\/\\\/www.slodyczezpomyslem.pl\\\/wp-content\\\/uploads\\\/2025\\\/06\\\/22.03_walentynki.jpg\",\"datePublished\":\"2017-03-31T05:46:00+00:00\",\"dateModified\":\"2025-09-30T11:49:19+00:00\",\"description\":\"\u017belki Serca w Torebkach 40g 22.03. Reklama i s\u0142odycze to nasze dwie pasje. \u0141\u0105czymy je w s\u0142odycze reklamowe, kt\u00f3re buduj\u0105 Tw\u00f3j pozytywny wizerunek. W czym mo\u017cemy pom\u00f3c?\",\"breadcrumb\":{\"@id\":\"https:\\\/\\\/www.slodyczezpomyslem.pl\\\/produkt\\\/zelki-serca-torebkach-40g-22-03\\\/#breadcrumb\"},\"inLanguage\":\"en-US\",\"potentialAction\":[{\"@type\":\"ReadAction\",\"target\":[\"https:\\\/\\\/www.slodyczezpomyslem.pl\\\/produkt\\\/zelki-serca-torebkach-40g-22-03\\\/\"]}]},{\"@type\":\"ImageObject\",\"inLanguage\":\"en-US\",\"@id\":\"https:\\\/\\\/www.slodyczezpomyslem.pl\\\/produkt\\\/zelki-serca-torebkach-40g-22-03\\\/#primaryimage\",\"url\":\"https:\\\/\\\/www.slodyczezpomyslem.pl\\\/wp-content\\\/uploads\\\/2025\\\/06\\\/22.03_walentynki.jpg\",\"contentUrl\":\"https:\\\/\\\/www.slodyczezpomyslem.pl\\\/wp-content\\\/uploads\\\/2025\\\/06\\\/22.03_walentynki.jpg\",\"width\":750,\"height\":531,\"caption\":\"\u017belki serca o smaku truskawkowym w torebce foliowej z nadrukiem reklamowym\"},{\"@type\":\"BreadcrumbList\",\"@id\":\"https:\\\/\\\/www.slodyczezpomyslem.pl\\\/produkt\\\/zelki-serca-torebkach-40g-22-03\\\/#breadcrumb\",\"itemListElement\":[{\"@type\":\"ListItem\",\"position\":1,\"name\":\"Strona g\u0142\u00f3wna\",\"item\":\"https:\\\/\\\/www.slodyczezpomyslem.pl\\\/en\\\/\"},{\"@type\":\"ListItem\",\"position\":2,\"name\":\"Shop\",\"item\":\"https:\\\/\\\/www.slodyczezpomyslem.pl\\\/en\\\/shop\\\/\"},{\"@type\":\"ListItem\",\"position\":3,\"name\":\"\u017bELKI SERCA W TOREBKACH 40G\"}]},{\"@type\":\"WebSite\",\"@id\":\"https:\\\/\\\/www.slodyczezpomyslem.pl\\\/#website\",\"url\":\"https:\\\/\\\/www.slodyczezpomyslem.pl\\\/\",\"name\":\"S\u0142odycze z Pomys\u0142em\",\"description\":\"\",\"potentialAction\":[{\"@type\":\"SearchAction\",\"target\":{\"@type\":\"EntryPoint\",\"urlTemplate\":\"https:\\\/\\\/www.slodyczezpomyslem.pl\\\/?s={search_term_string}\"},\"query-input\":{\"@type\":\"PropertyValueSpecification\",\"valueRequired\":true,\"valueName\":\"search_term_string\"}}],\"inLanguage\":\"en-US\"}]}<\/script>\n<!-- \/ Yoast SEO plugin. -->","yoast_head_json":{"title":"\u017belki Serca w Torebkach 40g 22.03 - S\u0142odycze reklamowe B&amp;B","description":"\u017belki Serca w Torebkach 40g 22.03. Reklama i s\u0142odycze to nasze dwie pasje. \u0141\u0105czymy je w s\u0142odycze reklamowe, kt\u00f3re buduj\u0105 Tw\u00f3j pozytywny wizerunek. W czym mo\u017cemy pom\u00f3c?","robots":{"index":"index","follow":"follow","max-snippet":"max-snippet:-1","max-image-preview":"max-image-preview:large","max-video-preview":"max-video-preview:-1"},"canonical":"https:\/\/www.slodyczezpomyslem.pl\/produkt\/zelki-serca-torebkach-40g-22-03\/","og_locale":"en_US","og_type":"article","og_title":"\u017belki Serca w Torebkach 40g 22.03 - S\u0142odycze reklamowe B&amp;B","og_description":"\u017belki Serca w Torebkach 40g 22.03. Reklama i s\u0142odycze to nasze dwie pasje. \u0141\u0105czymy je w s\u0142odycze reklamowe, kt\u00f3re buduj\u0105 Tw\u00f3j pozytywny wizerunek. W czym mo\u017cemy pom\u00f3c?","og_url":"https:\/\/www.slodyczezpomyslem.pl\/produkt\/zelki-serca-torebkach-40g-22-03\/","og_site_name":"S\u0142odycze z Pomys\u0142em","article_modified_time":"2025-09-30T11:49:19+00:00","og_image":[{"width":750,"height":531,"url":"https:\/\/www.slodyczezpomyslem.pl\/wp-content\/uploads\/2025\/06\/22.03_walentynki.jpg","type":"image\/jpeg"}],"twitter_card":"summary_large_image","twitter_misc":{"Est. reading time":"1 minute"},"schema":{"@context":"https:\/\/schema.org","@graph":[{"@type":"WebPage","@id":"https:\/\/www.slodyczezpomyslem.pl\/produkt\/zelki-serca-torebkach-40g-22-03\/","url":"https:\/\/www.slodyczezpomyslem.pl\/produkt\/zelki-serca-torebkach-40g-22-03\/","name":"\u017belki Serca w Torebkach 40g 22.03 - S\u0142odycze reklamowe B&amp;B","isPartOf":{"@id":"https:\/\/www.slodyczezpomyslem.pl\/#website"},"primaryImageOfPage":{"@id":"https:\/\/www.slodyczezpomyslem.pl\/produkt\/zelki-serca-torebkach-40g-22-03\/#primaryimage"},"image":{"@id":"https:\/\/www.slodyczezpomyslem.pl\/produkt\/zelki-serca-torebkach-40g-22-03\/#primaryimage"},"thumbnailUrl":"https:\/\/www.slodyczezpomyslem.pl\/wp-content\/uploads\/2025\/06\/22.03_walentynki.jpg","datePublished":"2017-03-31T05:46:00+00:00","dateModified":"2025-09-30T11:49:19+00:00","description":"\u017belki Serca w Torebkach 40g 22.03. Reklama i s\u0142odycze to nasze dwie pasje. \u0141\u0105czymy je w s\u0142odycze reklamowe, kt\u00f3re buduj\u0105 Tw\u00f3j pozytywny wizerunek. W czym mo\u017cemy pom\u00f3c?","breadcrumb":{"@id":"https:\/\/www.slodyczezpomyslem.pl\/produkt\/zelki-serca-torebkach-40g-22-03\/#breadcrumb"},"inLanguage":"en-US","potentialAction":[{"@type":"ReadAction","target":["https:\/\/www.slodyczezpomyslem.pl\/produkt\/zelki-serca-torebkach-40g-22-03\/"]}]},{"@type":"ImageObject","inLanguage":"en-US","@id":"https:\/\/www.slodyczezpomyslem.pl\/produkt\/zelki-serca-torebkach-40g-22-03\/#primaryimage","url":"https:\/\/www.slodyczezpomyslem.pl\/wp-content\/uploads\/2025\/06\/22.03_walentynki.jpg","contentUrl":"https:\/\/www.slodyczezpomyslem.pl\/wp-content\/uploads\/2025\/06\/22.03_walentynki.jpg","width":750,"height":531,"caption":"\u017belki serca o smaku truskawkowym w torebce foliowej z nadrukiem reklamowym"},{"@type":"BreadcrumbList","@id":"https:\/\/www.slodyczezpomyslem.pl\/produkt\/zelki-serca-torebkach-40g-22-03\/#breadcrumb","itemListElement":[{"@type":"ListItem","position":1,"name":"Strona g\u0142\u00f3wna","item":"https:\/\/www.slodyczezpomyslem.pl\/en\/"},{"@type":"ListItem","position":2,"name":"Shop","item":"https:\/\/www.slodyczezpomyslem.pl\/en\/shop\/"},{"@type":"ListItem","position":3,"name":"\u017bELKI SERCA W TOREBKACH 40G"}]},{"@type":"WebSite","@id":"https:\/\/www.slodyczezpomyslem.pl\/#website","url":"https:\/\/www.slodyczezpomyslem.pl\/","name":"S\u0142odycze z Pomys\u0142em","description":"","potentialAction":[{"@type":"SearchAction","target":{"@type":"EntryPoint","urlTemplate":"https:\/\/www.slodyczezpomyslem.pl\/?s={search_term_string}"},"query-input":{"@type":"PropertyValueSpecification","valueRequired":true,"valueName":"search_term_string"}}],"inLanguage":"en-US"}]}},"_links":{"self":[{"href":"https:\/\/www.slodyczezpomyslem.pl\/en\/wp-json\/wp\/v2\/product\/2030","targetHints":{"allow":["GET"]}}],"collection":[{"href":"https:\/\/www.slodyczezpomyslem.pl\/en\/wp-json\/wp\/v2\/product"}],"about":[{"href":"https:\/\/www.slodyczezpomyslem.pl\/en\/wp-json\/wp\/v2\/types\/product"}],"replies":[{"embeddable":true,"href":"https:\/\/www.slodyczezpomyslem.pl\/en\/wp-json\/wp\/v2\/comments?post=2030"}],"version-history":[{"count":3,"href":"https:\/\/www.slodyczezpomyslem.pl\/en\/wp-json\/wp\/v2\/product\/2030\/revisions"}],"predecessor-version":[{"id":16886,"href":"https:\/\/www.slodyczezpomyslem.pl\/en\/wp-json\/wp\/v2\/product\/2030\/revisions\/16886"}],"wp:featuredmedia":[{"embeddable":true,"href":"https:\/\/www.slodyczezpomyslem.pl\/en\/wp-json\/wp\/v2\/media\/2031"}],"wp:attachment":[{"href":"https:\/\/www.slodyczezpomyslem.pl\/en\/wp-json\/wp\/v2\/media?parent=2030"}],"wp:term":[{"taxonomy":"product_brand","embeddable":true,"href":"https:\/\/www.slodyczezpomyslem.pl\/en\/wp-json\/wp\/v2\/product_brand?post=2030"},{"taxonomy":"product_cat","embeddable":true,"href":"https:\/\/www.slodyczezpomyslem.pl\/en\/wp-json\/wp\/v2\/product_cat?post=2030"},{"taxonomy":"product_tag","embeddable":true,"href":"https:\/\/www.slodyczezpomyslem.pl\/en\/wp-json\/wp\/v2\/product_tag?post=2030"}],"curies":[{"name":"wp","href":"https:\/\/api.w.org\/{rel}","templated":true}]}}