{"id":20089,"date":"2026-05-07T11:09:21","date_gmt":"2026-05-07T09:09:21","guid":{"rendered":"https:\/\/www.slodyczezpomyslem.pl\/?post_type=product&#038;p=20089"},"modified":"2026-05-07T11:16:06","modified_gmt":"2026-05-07T09:16:06","slug":"ciastko-mis","status":"publish","type":"product","link":"https:\/\/www.slodyczezpomyslem.pl\/en\/produkt\/ciastko-mis\/","title":{"rendered":"CIASTKO MI\u015a"},"content":{"rendered":"<p>\u2022 kruche ciasteczko z dodatkiem sezamu z naklejk\u0105 w kszta\u0142cie misia<br data-start=\"55\" data-end=\"58\" \/>\u2022 pakowane w przezroczyste saszetki foliowe typu flow-pack<br data-start=\"157\" data-end=\"160\" \/>\u2022 naklejka z dowolnym nadrukiem reklamowym CMYK<br data-start=\"231\" data-end=\"234\" \/>\u2022 z ty\u0142u saszetki umieszczona ma\u0142a naklejka ze sk\u0142adem i informacjami o produkcie<\/p>\n","protected":false},"excerpt":{"rendered":"<p>\u2022 kruche ciasteczko z dodatkiem sezamu z naklejk\u0105 w kszta\u0142cie misia\u2022 pakowane w przezroczyste saszetki foliowe typu flow-pack\u2022 naklejka z [&hellip;]<\/p>\n","protected":false},"featured_media":20090,"comment_status":"open","ping_status":"closed","template":"","meta":{"_acf_changed":false,"site-sidebar-layout":"default","site-content-layout":"","ast-site-content-layout":"default","site-content-style":"default","site-sidebar-style":"default","ast-global-header-display":"","ast-banner-title-visibility":"","ast-main-header-display":"","ast-hfb-above-header-display":"","ast-hfb-below-header-display":"","ast-hfb-mobile-header-display":"","site-post-title":"","ast-breadcrumbs-content":"","ast-featured-img":"","footer-sml-layout":"","theme-transparent-header-meta":"default","adv-header-id-meta":"","stick-header-meta":"","header-above-stick-meta":"","header-main-stick-meta":"","header-below-stick-meta":"","astra-migrate-meta-layouts":"set","ast-page-background-enabled":"default","ast-page-background-meta":{"desktop":{"background-color":"var(--ast-global-color-5)","background-image":"","background-repeat":"repeat","background-position":"center center","background-size":"auto","background-attachment":"scroll","background-type":"","background-media":"","overlay-type":"","overlay-color":"","overlay-opacity":"","overlay-gradient":""},"tablet":{"background-color":"","background-image":"","background-repeat":"repeat","background-position":"center center","background-size":"auto","background-attachment":"scroll","background-type":"","background-media":"","overlay-type":"","overlay-color":"","overlay-opacity":"","overlay-gradient":""},"mobile":{"background-color":"","background-image":"","background-repeat":"repeat","background-position":"center center","background-size":"auto","background-attachment":"scroll","background-type":"","background-media":"","overlay-type":"","overlay-color":"","overlay-opacity":"","overlay-gradient":""}},"ast-content-background-meta":{"desktop":{"background-color":"var(--ast-global-color-4)","background-image":"","background-repeat":"repeat","background-position":"center center","background-size":"auto","background-attachment":"scroll","background-type":"","background-media":"","overlay-type":"","overlay-color":"","overlay-opacity":"","overlay-gradient":""},"tablet":{"background-color":"var(--ast-global-color-4)","background-image":"","background-repeat":"repeat","background-position":"center center","background-size":"auto","background-attachment":"scroll","background-type":"","background-media":"","overlay-type":"","overlay-color":"","overlay-opacity":"","overlay-gradient":""},"mobile":{"background-color":"var(--ast-global-color-4)","background-image":"","background-repeat":"repeat","background-position":"center center","background-size":"auto","background-attachment":"scroll","background-type":"","background-media":"","overlay-type":"","overlay-color":"","overlay-opacity":"","overlay-gradient":""}}},"product_brand":[],"product_cat":[336,78,862,50],"product_tag":[],"class_list":{"0":"post-20089","1":"product","2":"type-product","3":"status-publish","4":"has-post-thumbnail","6":"product_cat-ciastka-i-pierniki","7":"product_cat-dzien-dziecka","8":"product_cat-nowosci","9":"product_cat-produkty","10":"pa_masa-netto-brutto-ok-11-12g","11":"pa_minimalne-zamowienie-100-szt","12":"pa_okres-przydatnosci-6-miesiecy","13":"desktop-align-left","14":"tablet-align-left","15":"mobile-align-left","17":"first","18":"instock","19":"shipping-taxable","20":"purchasable","21":"product-type-simple"},"acf":[],"yoast_head":"<!-- This site is optimized with the Yoast SEO plugin v27.4 - https:\/\/yoast.com\/product\/yoast-seo-wordpress\/ -->\n<title>CIASTKO MI\u015a - Promotional Sweets<\/title>\n<meta name=\"robots\" content=\"index, follow, max-snippet:-1, max-image-preview:large, max-video-preview:-1\" \/>\n<link rel=\"canonical\" href=\"https:\/\/www.slodyczezpomyslem.pl\/produkt\/ciastko-mis\/\" \/>\n<meta property=\"og:locale\" content=\"en_US\" \/>\n<meta property=\"og:type\" content=\"article\" \/>\n<meta property=\"og:title\" content=\"CIASTKO MI\u015a - S\u0142odycze z Pomys\u0142em\" \/>\n<meta property=\"og:description\" content=\"\u2022 kruche ciasteczko z dodatkiem sezamu z naklejk\u0105 w kszta\u0142cie misia\u2022 pakowane w przezroczyste saszetki foliowe typu flow-pack\u2022 naklejka z [&hellip;]\" \/>\n<meta property=\"og:url\" content=\"https:\/\/www.slodyczezpomyslem.pl\/produkt\/ciastko-mis\/\" \/>\n<meta property=\"og:site_name\" content=\"S\u0142odycze z Pomys\u0142em\" \/>\n<meta property=\"article:modified_time\" content=\"2026-05-07T09:16:06+00:00\" \/>\n<meta property=\"og:image\" content=\"https:\/\/www.slodyczezpomyslem.pl\/wp-content\/uploads\/2026\/05\/mis.jpg\" \/>\n\t<meta property=\"og:image:width\" content=\"1200\" \/>\n\t<meta property=\"og:image:height\" content=\"900\" \/>\n\t<meta property=\"og:image:type\" content=\"image\/jpeg\" \/>\n<meta name=\"twitter:card\" content=\"summary_large_image\" \/>\n<meta name=\"twitter:label1\" content=\"Est. reading time\" \/>\n\t<meta name=\"twitter:data1\" content=\"1 minute\" \/>\n<script type=\"application\/ld+json\" class=\"yoast-schema-graph\">{\"@context\":\"https:\\\/\\\/schema.org\",\"@graph\":[{\"@type\":\"WebPage\",\"@id\":\"https:\\\/\\\/www.slodyczezpomyslem.pl\\\/produkt\\\/ciastko-mis\\\/\",\"url\":\"https:\\\/\\\/www.slodyczezpomyslem.pl\\\/produkt\\\/ciastko-mis\\\/\",\"name\":\"CIASTKO MI\u015a - S\u0142odycze z Pomys\u0142em\",\"isPartOf\":{\"@id\":\"https:\\\/\\\/www.slodyczezpomyslem.pl\\\/#website\"},\"primaryImageOfPage\":{\"@id\":\"https:\\\/\\\/www.slodyczezpomyslem.pl\\\/produkt\\\/ciastko-mis\\\/#primaryimage\"},\"image\":{\"@id\":\"https:\\\/\\\/www.slodyczezpomyslem.pl\\\/produkt\\\/ciastko-mis\\\/#primaryimage\"},\"thumbnailUrl\":\"https:\\\/\\\/www.slodyczezpomyslem.pl\\\/wp-content\\\/uploads\\\/2026\\\/05\\\/mis.jpg\",\"datePublished\":\"2026-05-07T09:09:21+00:00\",\"dateModified\":\"2026-05-07T09:16:06+00:00\",\"breadcrumb\":{\"@id\":\"https:\\\/\\\/www.slodyczezpomyslem.pl\\\/produkt\\\/ciastko-mis\\\/#breadcrumb\"},\"inLanguage\":\"en-US\",\"potentialAction\":[{\"@type\":\"ReadAction\",\"target\":[\"https:\\\/\\\/www.slodyczezpomyslem.pl\\\/produkt\\\/ciastko-mis\\\/\"]}]},{\"@type\":\"ImageObject\",\"inLanguage\":\"en-US\",\"@id\":\"https:\\\/\\\/www.slodyczezpomyslem.pl\\\/produkt\\\/ciastko-mis\\\/#primaryimage\",\"url\":\"https:\\\/\\\/www.slodyczezpomyslem.pl\\\/wp-content\\\/uploads\\\/2026\\\/05\\\/mis.jpg\",\"contentUrl\":\"https:\\\/\\\/www.slodyczezpomyslem.pl\\\/wp-content\\\/uploads\\\/2026\\\/05\\\/mis.jpg\",\"width\":1200,\"height\":900},{\"@type\":\"BreadcrumbList\",\"@id\":\"https:\\\/\\\/www.slodyczezpomyslem.pl\\\/produkt\\\/ciastko-mis\\\/#breadcrumb\",\"itemListElement\":[{\"@type\":\"ListItem\",\"position\":1,\"name\":\"Strona g\u0142\u00f3wna\",\"item\":\"https:\\\/\\\/www.slodyczezpomyslem.pl\\\/en\\\/\"},{\"@type\":\"ListItem\",\"position\":2,\"name\":\"Shop\",\"item\":\"https:\\\/\\\/www.slodyczezpomyslem.pl\\\/en\\\/shop\\\/\"},{\"@type\":\"ListItem\",\"position\":3,\"name\":\"CIASTKO MI\u015a\"}]},{\"@type\":\"WebSite\",\"@id\":\"https:\\\/\\\/www.slodyczezpomyslem.pl\\\/#website\",\"url\":\"https:\\\/\\\/www.slodyczezpomyslem.pl\\\/\",\"name\":\"S\u0142odycze z Pomys\u0142em\",\"description\":\"\",\"potentialAction\":[{\"@type\":\"SearchAction\",\"target\":{\"@type\":\"EntryPoint\",\"urlTemplate\":\"https:\\\/\\\/www.slodyczezpomyslem.pl\\\/?s={search_term_string}\"},\"query-input\":{\"@type\":\"PropertyValueSpecification\",\"valueRequired\":true,\"valueName\":\"search_term_string\"}}],\"inLanguage\":\"en-US\"}]}<\/script>\n<!-- \/ Yoast SEO plugin. -->","yoast_head_json":{"title":"CIASTKO MI\u015a - Promotional Sweets","robots":{"index":"index","follow":"follow","max-snippet":"max-snippet:-1","max-image-preview":"max-image-preview:large","max-video-preview":"max-video-preview:-1"},"canonical":"https:\/\/www.slodyczezpomyslem.pl\/produkt\/ciastko-mis\/","og_locale":"en_US","og_type":"article","og_title":"CIASTKO MI\u015a - S\u0142odycze z Pomys\u0142em","og_description":"\u2022 kruche ciasteczko z dodatkiem sezamu z naklejk\u0105 w kszta\u0142cie misia\u2022 pakowane w przezroczyste saszetki foliowe typu flow-pack\u2022 naklejka z [&hellip;]","og_url":"https:\/\/www.slodyczezpomyslem.pl\/produkt\/ciastko-mis\/","og_site_name":"S\u0142odycze z Pomys\u0142em","article_modified_time":"2026-05-07T09:16:06+00:00","og_image":[{"width":1200,"height":900,"url":"https:\/\/www.slodyczezpomyslem.pl\/wp-content\/uploads\/2026\/05\/mis.jpg","type":"image\/jpeg"}],"twitter_card":"summary_large_image","twitter_misc":{"Est. reading time":"1 minute"},"schema":{"@context":"https:\/\/schema.org","@graph":[{"@type":"WebPage","@id":"https:\/\/www.slodyczezpomyslem.pl\/produkt\/ciastko-mis\/","url":"https:\/\/www.slodyczezpomyslem.pl\/produkt\/ciastko-mis\/","name":"CIASTKO MI\u015a - S\u0142odycze z Pomys\u0142em","isPartOf":{"@id":"https:\/\/www.slodyczezpomyslem.pl\/#website"},"primaryImageOfPage":{"@id":"https:\/\/www.slodyczezpomyslem.pl\/produkt\/ciastko-mis\/#primaryimage"},"image":{"@id":"https:\/\/www.slodyczezpomyslem.pl\/produkt\/ciastko-mis\/#primaryimage"},"thumbnailUrl":"https:\/\/www.slodyczezpomyslem.pl\/wp-content\/uploads\/2026\/05\/mis.jpg","datePublished":"2026-05-07T09:09:21+00:00","dateModified":"2026-05-07T09:16:06+00:00","breadcrumb":{"@id":"https:\/\/www.slodyczezpomyslem.pl\/produkt\/ciastko-mis\/#breadcrumb"},"inLanguage":"en-US","potentialAction":[{"@type":"ReadAction","target":["https:\/\/www.slodyczezpomyslem.pl\/produkt\/ciastko-mis\/"]}]},{"@type":"ImageObject","inLanguage":"en-US","@id":"https:\/\/www.slodyczezpomyslem.pl\/produkt\/ciastko-mis\/#primaryimage","url":"https:\/\/www.slodyczezpomyslem.pl\/wp-content\/uploads\/2026\/05\/mis.jpg","contentUrl":"https:\/\/www.slodyczezpomyslem.pl\/wp-content\/uploads\/2026\/05\/mis.jpg","width":1200,"height":900},{"@type":"BreadcrumbList","@id":"https:\/\/www.slodyczezpomyslem.pl\/produkt\/ciastko-mis\/#breadcrumb","itemListElement":[{"@type":"ListItem","position":1,"name":"Strona g\u0142\u00f3wna","item":"https:\/\/www.slodyczezpomyslem.pl\/en\/"},{"@type":"ListItem","position":2,"name":"Shop","item":"https:\/\/www.slodyczezpomyslem.pl\/en\/shop\/"},{"@type":"ListItem","position":3,"name":"CIASTKO MI\u015a"}]},{"@type":"WebSite","@id":"https:\/\/www.slodyczezpomyslem.pl\/#website","url":"https:\/\/www.slodyczezpomyslem.pl\/","name":"S\u0142odycze z Pomys\u0142em","description":"","potentialAction":[{"@type":"SearchAction","target":{"@type":"EntryPoint","urlTemplate":"https:\/\/www.slodyczezpomyslem.pl\/?s={search_term_string}"},"query-input":{"@type":"PropertyValueSpecification","valueRequired":true,"valueName":"search_term_string"}}],"inLanguage":"en-US"}]}},"_links":{"self":[{"href":"https:\/\/www.slodyczezpomyslem.pl\/en\/wp-json\/wp\/v2\/product\/20089","targetHints":{"allow":["GET"]}}],"collection":[{"href":"https:\/\/www.slodyczezpomyslem.pl\/en\/wp-json\/wp\/v2\/product"}],"about":[{"href":"https:\/\/www.slodyczezpomyslem.pl\/en\/wp-json\/wp\/v2\/types\/product"}],"replies":[{"embeddable":true,"href":"https:\/\/www.slodyczezpomyslem.pl\/en\/wp-json\/wp\/v2\/comments?post=20089"}],"version-history":[{"count":1,"href":"https:\/\/www.slodyczezpomyslem.pl\/en\/wp-json\/wp\/v2\/product\/20089\/revisions"}],"predecessor-version":[{"id":20092,"href":"https:\/\/www.slodyczezpomyslem.pl\/en\/wp-json\/wp\/v2\/product\/20089\/revisions\/20092"}],"wp:featuredmedia":[{"embeddable":true,"href":"https:\/\/www.slodyczezpomyslem.pl\/en\/wp-json\/wp\/v2\/media\/20090"}],"wp:attachment":[{"href":"https:\/\/www.slodyczezpomyslem.pl\/en\/wp-json\/wp\/v2\/media?parent=20089"}],"wp:term":[{"taxonomy":"product_brand","embeddable":true,"href":"https:\/\/www.slodyczezpomyslem.pl\/en\/wp-json\/wp\/v2\/product_brand?post=20089"},{"taxonomy":"product_cat","embeddable":true,"href":"https:\/\/www.slodyczezpomyslem.pl\/en\/wp-json\/wp\/v2\/product_cat?post=20089"},{"taxonomy":"product_tag","embeddable":true,"href":"https:\/\/www.slodyczezpomyslem.pl\/en\/wp-json\/wp\/v2\/product_tag?post=20089"}],"curies":[{"name":"wp","href":"https:\/\/api.w.org\/{rel}","templated":true}]}}