{"id":18705,"date":"2026-02-11T08:52:57","date_gmt":"2026-02-11T07:52:57","guid":{"rendered":"https:\/\/www.slodyczezpomyslem.pl\/?post_type=product&#038;p=18705"},"modified":"2026-02-11T09:05:10","modified_gmt":"2026-02-11T08:05:10","slug":"lizak-wielkanocny-20-37","status":"publish","type":"product","link":"https:\/\/www.slodyczezpomyslem.pl\/en\/produkt\/lizak-wielkanocny-20-37\/","title":{"rendered":"LIZAK WIELKANOCNY"},"content":{"rendered":"<ul>\n<li>okr\u0105g\u0142y lizak czekoladowy z zatopionym czekoladowym zaj\u0105czkiem i dekoracyjn\u0105 posypk\u0105<\/li>\n<li>czekolada mleczna 44% z zaj\u0105czkiem z czekolady bia\u0142ej<\/li>\n<li>do wyboru dwa kszta\u0142ty zaj\u0105czk\u00f3w i dwa kolory posypek<\/li>\n<li>d\u0142ugo\u015b\u0107 wystaj\u0105cego patyczka wynosi ok. 80 mm<\/li>\n<li>zapakowana w przezroczyst\u0105 torebk\u0119 z ozdobn\u0105 wst\u0105\u017ck\u0105 (kilkana\u015bcie kolor\u00f3w do wyboru)<\/li>\n<li>jednostronny karnet z dowolnym nadrukiem reklamowym CMYK<\/li>\n<\/ul>\n","protected":false},"excerpt":{"rendered":"<p>okr\u0105g\u0142y lizak czekoladowy z zatopionym czekoladowym zaj\u0105czkiem i dekoracyjn\u0105 posypk\u0105 czekolada mleczna 44% z zaj\u0105czkiem z czekolady bia\u0142ej do wyboru [&hellip;]<\/p>\n","protected":false},"featured_media":18706,"comment_status":"open","ping_status":"closed","template":"","meta":{"_acf_changed":false,"site-sidebar-layout":"default","site-content-layout":"","ast-site-content-layout":"default","site-content-style":"default","site-sidebar-style":"default","ast-global-header-display":"","ast-banner-title-visibility":"","ast-main-header-display":"","ast-hfb-above-header-display":"","ast-hfb-below-header-display":"","ast-hfb-mobile-header-display":"","site-post-title":"","ast-breadcrumbs-content":"","ast-featured-img":"","footer-sml-layout":"","theme-transparent-header-meta":"default","adv-header-id-meta":"","stick-header-meta":"","header-above-stick-meta":"","header-main-stick-meta":"","header-below-stick-meta":"","astra-migrate-meta-layouts":"set","ast-page-background-enabled":"default","ast-page-background-meta":{"desktop":{"background-color":"var(--ast-global-color-5)","background-image":"","background-repeat":"repeat","background-position":"center center","background-size":"auto","background-attachment":"scroll","background-type":"","background-media":"","overlay-type":"","overlay-color":"","overlay-opacity":"","overlay-gradient":""},"tablet":{"background-color":"","background-image":"","background-repeat":"repeat","background-position":"center center","background-size":"auto","background-attachment":"scroll","background-type":"","background-media":"","overlay-type":"","overlay-color":"","overlay-opacity":"","overlay-gradient":""},"mobile":{"background-color":"","background-image":"","background-repeat":"repeat","background-position":"center center","background-size":"auto","background-attachment":"scroll","background-type":"","background-media":"","overlay-type":"","overlay-color":"","overlay-opacity":"","overlay-gradient":""}},"ast-content-background-meta":{"desktop":{"background-color":"var(--ast-global-color-4)","background-image":"","background-repeat":"repeat","background-position":"center center","background-size":"auto","background-attachment":"scroll","background-type":"","background-media":"","overlay-type":"","overlay-color":"","overlay-opacity":"","overlay-gradient":""},"tablet":{"background-color":"var(--ast-global-color-4)","background-image":"","background-repeat":"repeat","background-position":"center center","background-size":"auto","background-attachment":"scroll","background-type":"","background-media":"","overlay-type":"","overlay-color":"","overlay-opacity":"","overlay-gradient":""},"mobile":{"background-color":"var(--ast-global-color-4)","background-image":"","background-repeat":"repeat","background-position":"center center","background-size":"auto","background-attachment":"scroll","background-type":"","background-media":"","overlay-type":"","overlay-color":"","overlay-opacity":"","overlay-gradient":""}}},"product_brand":[],"product_cat":[368,862,265],"product_tag":[],"class_list":{"0":"post-18705","1":"product","2":"type-product","3":"status-publish","4":"has-post-thumbnail","6":"product_cat-lizaki-produkty","7":"product_cat-nowosci","8":"product_cat-wielkanoc","9":"pa_masa-netto-brutto-ok-23-25-g","10":"pa_minimalne-zamowienie-100-szt","11":"pa_okres-przydatnosci-6-miesiecy","12":"desktop-align-left","13":"tablet-align-left","14":"mobile-align-left","16":"first","17":"instock","18":"shipping-taxable","19":"product-type-simple"},"acf":[],"yoast_head":"<!-- This site is optimized with the Yoast SEO plugin v26.6 - https:\/\/yoast.com\/wordpress\/plugins\/seo\/ -->\n<title>LIZAK WIELKANOCNY - Promotional Sweets<\/title>\n<meta name=\"robots\" content=\"index, follow, max-snippet:-1, max-image-preview:large, max-video-preview:-1\" \/>\n<link rel=\"canonical\" href=\"https:\/\/www.slodyczezpomyslem.pl\/produkt\/lizak-wielkanocny-20-37\/\" \/>\n<meta property=\"og:locale\" content=\"en_US\" \/>\n<meta property=\"og:type\" content=\"article\" \/>\n<meta property=\"og:title\" content=\"LIZAK WIELKANOCNY - S\u0142odycze z Pomys\u0142em\" \/>\n<meta property=\"og:description\" content=\"okr\u0105g\u0142y lizak czekoladowy z zatopionym czekoladowym zaj\u0105czkiem i dekoracyjn\u0105 posypk\u0105 czekolada mleczna 44% z zaj\u0105czkiem z czekolady bia\u0142ej do wyboru [&hellip;]\" \/>\n<meta property=\"og:url\" content=\"https:\/\/www.slodyczezpomyslem.pl\/produkt\/lizak-wielkanocny-20-37\/\" \/>\n<meta property=\"og:site_name\" content=\"S\u0142odycze z Pomys\u0142em\" \/>\n<meta property=\"article:modified_time\" content=\"2026-02-11T08:05:10+00:00\" \/>\n<meta property=\"og:image\" content=\"https:\/\/www.slodyczezpomyslem.pl\/wp-content\/uploads\/2026\/02\/20.37_2026.jpg\" \/>\n\t<meta property=\"og:image:width\" content=\"1200\" \/>\n\t<meta property=\"og:image:height\" content=\"900\" \/>\n\t<meta property=\"og:image:type\" content=\"image\/jpeg\" \/>\n<meta name=\"twitter:card\" content=\"summary_large_image\" \/>\n<meta name=\"twitter:label1\" content=\"Est. reading time\" \/>\n\t<meta name=\"twitter:data1\" content=\"1 minute\" \/>\n<script type=\"application\/ld+json\" class=\"yoast-schema-graph\">{\"@context\":\"https:\/\/schema.org\",\"@graph\":[{\"@type\":\"WebPage\",\"@id\":\"https:\/\/www.slodyczezpomyslem.pl\/produkt\/lizak-wielkanocny-20-37\/\",\"url\":\"https:\/\/www.slodyczezpomyslem.pl\/produkt\/lizak-wielkanocny-20-37\/\",\"name\":\"LIZAK WIELKANOCNY - S\u0142odycze z Pomys\u0142em\",\"isPartOf\":{\"@id\":\"https:\/\/www.slodyczezpomyslem.pl\/#website\"},\"primaryImageOfPage\":{\"@id\":\"https:\/\/www.slodyczezpomyslem.pl\/produkt\/lizak-wielkanocny-20-37\/#primaryimage\"},\"image\":{\"@id\":\"https:\/\/www.slodyczezpomyslem.pl\/produkt\/lizak-wielkanocny-20-37\/#primaryimage\"},\"thumbnailUrl\":\"https:\/\/www.slodyczezpomyslem.pl\/wp-content\/uploads\/2026\/02\/20.37_2026.jpg\",\"datePublished\":\"2026-02-11T07:52:57+00:00\",\"dateModified\":\"2026-02-11T08:05:10+00:00\",\"breadcrumb\":{\"@id\":\"https:\/\/www.slodyczezpomyslem.pl\/produkt\/lizak-wielkanocny-20-37\/#breadcrumb\"},\"inLanguage\":\"en-US\",\"potentialAction\":[{\"@type\":\"ReadAction\",\"target\":[\"https:\/\/www.slodyczezpomyslem.pl\/produkt\/lizak-wielkanocny-20-37\/\"]}]},{\"@type\":\"ImageObject\",\"inLanguage\":\"en-US\",\"@id\":\"https:\/\/www.slodyczezpomyslem.pl\/produkt\/lizak-wielkanocny-20-37\/#primaryimage\",\"url\":\"https:\/\/www.slodyczezpomyslem.pl\/wp-content\/uploads\/2026\/02\/20.37_2026.jpg\",\"contentUrl\":\"https:\/\/www.slodyczezpomyslem.pl\/wp-content\/uploads\/2026\/02\/20.37_2026.jpg\",\"width\":1200,\"height\":900,\"caption\":\"Lizak wielkanocny oferta Wielkanoc B&B S\u0142odycze z Pomys\u0142em\"},{\"@type\":\"BreadcrumbList\",\"@id\":\"https:\/\/www.slodyczezpomyslem.pl\/produkt\/lizak-wielkanocny-20-37\/#breadcrumb\",\"itemListElement\":[{\"@type\":\"ListItem\",\"position\":1,\"name\":\"Strona g\u0142\u00f3wna\",\"item\":\"https:\/\/www.slodyczezpomyslem.pl\/en\/\"},{\"@type\":\"ListItem\",\"position\":2,\"name\":\"Shop\",\"item\":\"https:\/\/www.slodyczezpomyslem.pl\/en\/shop\/\"},{\"@type\":\"ListItem\",\"position\":3,\"name\":\"LIZAK WIELKANOCNY\"}]},{\"@type\":\"WebSite\",\"@id\":\"https:\/\/www.slodyczezpomyslem.pl\/#website\",\"url\":\"https:\/\/www.slodyczezpomyslem.pl\/\",\"name\":\"S\u0142odycze z Pomys\u0142em\",\"description\":\"\",\"potentialAction\":[{\"@type\":\"SearchAction\",\"target\":{\"@type\":\"EntryPoint\",\"urlTemplate\":\"https:\/\/www.slodyczezpomyslem.pl\/?s={search_term_string}\"},\"query-input\":{\"@type\":\"PropertyValueSpecification\",\"valueRequired\":true,\"valueName\":\"search_term_string\"}}],\"inLanguage\":\"en-US\"}]}<\/script>\n<!-- \/ Yoast SEO plugin. -->","yoast_head_json":{"title":"LIZAK WIELKANOCNY - Promotional Sweets","robots":{"index":"index","follow":"follow","max-snippet":"max-snippet:-1","max-image-preview":"max-image-preview:large","max-video-preview":"max-video-preview:-1"},"canonical":"https:\/\/www.slodyczezpomyslem.pl\/produkt\/lizak-wielkanocny-20-37\/","og_locale":"en_US","og_type":"article","og_title":"LIZAK WIELKANOCNY - S\u0142odycze z Pomys\u0142em","og_description":"okr\u0105g\u0142y lizak czekoladowy z zatopionym czekoladowym zaj\u0105czkiem i dekoracyjn\u0105 posypk\u0105 czekolada mleczna 44% z zaj\u0105czkiem z czekolady bia\u0142ej do wyboru [&hellip;]","og_url":"https:\/\/www.slodyczezpomyslem.pl\/produkt\/lizak-wielkanocny-20-37\/","og_site_name":"S\u0142odycze z Pomys\u0142em","article_modified_time":"2026-02-11T08:05:10+00:00","og_image":[{"width":1200,"height":900,"url":"https:\/\/www.slodyczezpomyslem.pl\/wp-content\/uploads\/2026\/02\/20.37_2026.jpg","type":"image\/jpeg"}],"twitter_card":"summary_large_image","twitter_misc":{"Est. reading time":"1 minute"},"schema":{"@context":"https:\/\/schema.org","@graph":[{"@type":"WebPage","@id":"https:\/\/www.slodyczezpomyslem.pl\/produkt\/lizak-wielkanocny-20-37\/","url":"https:\/\/www.slodyczezpomyslem.pl\/produkt\/lizak-wielkanocny-20-37\/","name":"LIZAK WIELKANOCNY - S\u0142odycze z Pomys\u0142em","isPartOf":{"@id":"https:\/\/www.slodyczezpomyslem.pl\/#website"},"primaryImageOfPage":{"@id":"https:\/\/www.slodyczezpomyslem.pl\/produkt\/lizak-wielkanocny-20-37\/#primaryimage"},"image":{"@id":"https:\/\/www.slodyczezpomyslem.pl\/produkt\/lizak-wielkanocny-20-37\/#primaryimage"},"thumbnailUrl":"https:\/\/www.slodyczezpomyslem.pl\/wp-content\/uploads\/2026\/02\/20.37_2026.jpg","datePublished":"2026-02-11T07:52:57+00:00","dateModified":"2026-02-11T08:05:10+00:00","breadcrumb":{"@id":"https:\/\/www.slodyczezpomyslem.pl\/produkt\/lizak-wielkanocny-20-37\/#breadcrumb"},"inLanguage":"en-US","potentialAction":[{"@type":"ReadAction","target":["https:\/\/www.slodyczezpomyslem.pl\/produkt\/lizak-wielkanocny-20-37\/"]}]},{"@type":"ImageObject","inLanguage":"en-US","@id":"https:\/\/www.slodyczezpomyslem.pl\/produkt\/lizak-wielkanocny-20-37\/#primaryimage","url":"https:\/\/www.slodyczezpomyslem.pl\/wp-content\/uploads\/2026\/02\/20.37_2026.jpg","contentUrl":"https:\/\/www.slodyczezpomyslem.pl\/wp-content\/uploads\/2026\/02\/20.37_2026.jpg","width":1200,"height":900,"caption":"Lizak wielkanocny oferta Wielkanoc B&B S\u0142odycze z Pomys\u0142em"},{"@type":"BreadcrumbList","@id":"https:\/\/www.slodyczezpomyslem.pl\/produkt\/lizak-wielkanocny-20-37\/#breadcrumb","itemListElement":[{"@type":"ListItem","position":1,"name":"Strona g\u0142\u00f3wna","item":"https:\/\/www.slodyczezpomyslem.pl\/en\/"},{"@type":"ListItem","position":2,"name":"Shop","item":"https:\/\/www.slodyczezpomyslem.pl\/en\/shop\/"},{"@type":"ListItem","position":3,"name":"LIZAK WIELKANOCNY"}]},{"@type":"WebSite","@id":"https:\/\/www.slodyczezpomyslem.pl\/#website","url":"https:\/\/www.slodyczezpomyslem.pl\/","name":"S\u0142odycze z Pomys\u0142em","description":"","potentialAction":[{"@type":"SearchAction","target":{"@type":"EntryPoint","urlTemplate":"https:\/\/www.slodyczezpomyslem.pl\/?s={search_term_string}"},"query-input":{"@type":"PropertyValueSpecification","valueRequired":true,"valueName":"search_term_string"}}],"inLanguage":"en-US"}]}},"_links":{"self":[{"href":"https:\/\/www.slodyczezpomyslem.pl\/en\/wp-json\/wp\/v2\/product\/18705","targetHints":{"allow":["GET"]}}],"collection":[{"href":"https:\/\/www.slodyczezpomyslem.pl\/en\/wp-json\/wp\/v2\/product"}],"about":[{"href":"https:\/\/www.slodyczezpomyslem.pl\/en\/wp-json\/wp\/v2\/types\/product"}],"replies":[{"embeddable":true,"href":"https:\/\/www.slodyczezpomyslem.pl\/en\/wp-json\/wp\/v2\/comments?post=18705"}],"version-history":[{"count":4,"href":"https:\/\/www.slodyczezpomyslem.pl\/en\/wp-json\/wp\/v2\/product\/18705\/revisions"}],"predecessor-version":[{"id":18712,"href":"https:\/\/www.slodyczezpomyslem.pl\/en\/wp-json\/wp\/v2\/product\/18705\/revisions\/18712"}],"wp:featuredmedia":[{"embeddable":true,"href":"https:\/\/www.slodyczezpomyslem.pl\/en\/wp-json\/wp\/v2\/media\/18706"}],"wp:attachment":[{"href":"https:\/\/www.slodyczezpomyslem.pl\/en\/wp-json\/wp\/v2\/media?parent=18705"}],"wp:term":[{"taxonomy":"product_brand","embeddable":true,"href":"https:\/\/www.slodyczezpomyslem.pl\/en\/wp-json\/wp\/v2\/product_brand?post=18705"},{"taxonomy":"product_cat","embeddable":true,"href":"https:\/\/www.slodyczezpomyslem.pl\/en\/wp-json\/wp\/v2\/product_cat?post=18705"},{"taxonomy":"product_tag","embeddable":true,"href":"https:\/\/www.slodyczezpomyslem.pl\/en\/wp-json\/wp\/v2\/product_tag?post=18705"}],"curies":[{"name":"wp","href":"https:\/\/api.w.org\/{rel}","templated":true}]}}