{"id":13225,"date":"2023-09-06T06:00:00","date_gmt":"2023-09-06T04:00:00","guid":{"rendered":"https:\/\/slodyczezpomyslem.invette.dev\/produkt\/fairytale-chocolate-100g-06-07\/"},"modified":"2026-04-08T10:33:36","modified_gmt":"2026-04-08T08:33:36","slug":"fairytale-chocolate-100g-06-07","status":"publish","type":"product","link":"https:\/\/www.slodyczezpomyslem.pl\/en\/produkt\/fairytale-chocolate-100g-06-07\/","title":{"rendered":"FAIRYTALE CHOCOLATE 100G"},"content":{"rendered":"\n<ul>\n \t<li>excellent hand-made chocolate with decoration<\/li>\n \t<li>mix of milk (44% cocoa) and white chocolate with freeze-dried fig, hazelnuts and crushed pistachios<\/li>\n \t<li>packed in clear foil bags<\/li>\n \t<li>kraft cardboard box with a see-through window and standard print<\/li>\n \t<li>paper wrapper with full colour promotional print &#8211; CMYK<\/li>\n<\/ul>\n","protected":false},"excerpt":{"rendered":"","protected":false},"featured_media":6174,"comment_status":"open","ping_status":"closed","template":"","meta":{"_acf_changed":false,"site-sidebar-layout":"default","site-content-layout":"","ast-site-content-layout":"default","site-content-style":"default","site-sidebar-style":"default","ast-global-header-display":"","ast-banner-title-visibility":"","ast-main-header-display":"","ast-hfb-above-header-display":"","ast-hfb-below-header-display":"","ast-hfb-mobile-header-display":"","site-post-title":"","ast-breadcrumbs-content":"","ast-featured-img":"","footer-sml-layout":"","theme-transparent-header-meta":"default","adv-header-id-meta":"","stick-header-meta":"","header-above-stick-meta":"","header-main-stick-meta":"","header-below-stick-meta":"","astra-migrate-meta-layouts":"default","ast-page-background-enabled":"default","ast-page-background-meta":{"desktop":{"background-color":"var(--ast-global-color-5)","background-image":"","background-repeat":"repeat","background-position":"center center","background-size":"auto","background-attachment":"scroll","background-type":"","background-media":"","overlay-type":"","overlay-color":"","overlay-opacity":"","overlay-gradient":""},"tablet":{"background-color":"","background-image":"","background-repeat":"repeat","background-position":"center center","background-size":"auto","background-attachment":"scroll","background-type":"","background-media":"","overlay-type":"","overlay-color":"","overlay-opacity":"","overlay-gradient":""},"mobile":{"background-color":"","background-image":"","background-repeat":"repeat","background-position":"center center","background-size":"auto","background-attachment":"scroll","background-type":"","background-media":"","overlay-type":"","overlay-color":"","overlay-opacity":"","overlay-gradient":""}},"ast-content-background-meta":{"desktop":{"background-color":"var(--ast-global-color-4)","background-image":"","background-repeat":"repeat","background-position":"center center","background-size":"auto","background-attachment":"scroll","background-type":"","background-media":"","overlay-type":"","overlay-color":"","overlay-opacity":"","overlay-gradient":""},"tablet":{"background-color":"var(--ast-global-color-4)","background-image":"","background-repeat":"repeat","background-position":"center center","background-size":"auto","background-attachment":"scroll","background-type":"","background-media":"","overlay-type":"","overlay-color":"","overlay-opacity":"","overlay-gradient":""},"mobile":{"background-color":"var(--ast-global-color-4)","background-image":"","background-repeat":"repeat","background-position":"center center","background-size":"auto","background-attachment":"scroll","background-type":"","background-media":"","overlay-type":"","overlay-color":"","overlay-opacity":"","overlay-gradient":""}}},"product_brand":[],"product_cat":[1224,1180,1230,1132],"product_tag":[],"class_list":{"0":"post-13225","1":"product","2":"type-product","3":"status-publish","4":"has-post-thumbnail","6":"product_cat-chocolates","7":"product_cat-christmas","8":"product_cat-large-chocolates","9":"product_cat-products","10":"pa_box-size-161x80x15-mm","11":"pa_masa-netto-brutto-ok-100-110-g-en","12":"pa_minimalne-zamowienie-50-szt-en","13":"pa_okres-przydatnosci-3-miesiace-en","14":"pa_wymiary-czekolady-ok-149x70x10-mm-en","15":"pa_wymiary-pudelka-ok-161x80x15-mm-en","16":"desktop-align-left","17":"tablet-align-left","18":"mobile-align-left","20":"first","21":"instock","22":"shipping-taxable","23":"purchasable","24":"product-type-simple"},"acf":[],"yoast_head":"<!-- This site is optimized with the Yoast SEO plugin v26.6 - https:\/\/yoast.com\/wordpress\/plugins\/seo\/ -->\n<title>FAIRYTALE CHOCOLATE 100G - Promotional Sweets<\/title>\n<meta name=\"robots\" content=\"index, follow, max-snippet:-1, max-image-preview:large, max-video-preview:-1\" \/>\n<link rel=\"canonical\" href=\"https:\/\/www.slodyczezpomyslem.pl\/en\/produkt\/fairytale-chocolate-100g-06-07\/\" \/>\n<meta property=\"og:locale\" content=\"en_US\" \/>\n<meta property=\"og:type\" content=\"article\" \/>\n<meta property=\"og:title\" content=\"FAIRYTALE CHOCOLATE 100G - S\u0142odycze z Pomys\u0142em\" \/>\n<meta property=\"og:url\" content=\"https:\/\/www.slodyczezpomyslem.pl\/en\/produkt\/fairytale-chocolate-100g-06-07\/\" \/>\n<meta property=\"og:site_name\" content=\"S\u0142odycze z Pomys\u0142em\" \/>\n<meta property=\"article:modified_time\" content=\"2026-04-08T08:33:36+00:00\" \/>\n<meta property=\"og:image\" content=\"https:\/\/www.slodyczezpomyslem.pl\/wp-content\/uploads\/2025\/06\/06.07_2024-3.jpg\" \/>\n\t<meta property=\"og:image:width\" content=\"1200\" \/>\n\t<meta property=\"og:image:height\" content=\"940\" \/>\n\t<meta property=\"og:image:type\" content=\"image\/jpeg\" \/>\n<meta name=\"twitter:card\" content=\"summary_large_image\" \/>\n<script type=\"application\/ld+json\" class=\"yoast-schema-graph\">{\"@context\":\"https:\/\/schema.org\",\"@graph\":[{\"@type\":\"WebPage\",\"@id\":\"https:\/\/www.slodyczezpomyslem.pl\/en\/produkt\/fairytale-chocolate-100g-06-07\/\",\"url\":\"https:\/\/www.slodyczezpomyslem.pl\/en\/produkt\/fairytale-chocolate-100g-06-07\/\",\"name\":\"FAIRYTALE CHOCOLATE 100G - S\u0142odycze z Pomys\u0142em\",\"isPartOf\":{\"@id\":\"https:\/\/www.slodyczezpomyslem.pl\/#website\"},\"primaryImageOfPage\":{\"@id\":\"https:\/\/www.slodyczezpomyslem.pl\/en\/produkt\/fairytale-chocolate-100g-06-07\/#primaryimage\"},\"image\":{\"@id\":\"https:\/\/www.slodyczezpomyslem.pl\/en\/produkt\/fairytale-chocolate-100g-06-07\/#primaryimage\"},\"thumbnailUrl\":\"https:\/\/www.slodyczezpomyslem.pl\/wp-content\/uploads\/2025\/06\/06.07_2024-3.jpg\",\"datePublished\":\"2023-09-06T04:00:00+00:00\",\"dateModified\":\"2026-04-08T08:33:36+00:00\",\"breadcrumb\":{\"@id\":\"https:\/\/www.slodyczezpomyslem.pl\/en\/produkt\/fairytale-chocolate-100g-06-07\/#breadcrumb\"},\"inLanguage\":\"en-US\",\"potentialAction\":[{\"@type\":\"ReadAction\",\"target\":[\"https:\/\/www.slodyczezpomyslem.pl\/en\/produkt\/fairytale-chocolate-100g-06-07\/\"]}]},{\"@type\":\"ImageObject\",\"inLanguage\":\"en-US\",\"@id\":\"https:\/\/www.slodyczezpomyslem.pl\/en\/produkt\/fairytale-chocolate-100g-06-07\/#primaryimage\",\"url\":\"https:\/\/www.slodyczezpomyslem.pl\/wp-content\/uploads\/2025\/06\/06.07_2024-3.jpg\",\"contentUrl\":\"https:\/\/www.slodyczezpomyslem.pl\/wp-content\/uploads\/2025\/06\/06.07_2024-3.jpg\",\"width\":1200,\"height\":940,\"caption\":\"Upominek firmowy \u2013 czekolada r\u0119cznie robiona z papierow\u0105 obwolut\u0105 reklamow\u0105\"},{\"@type\":\"BreadcrumbList\",\"@id\":\"https:\/\/www.slodyczezpomyslem.pl\/en\/produkt\/fairytale-chocolate-100g-06-07\/#breadcrumb\",\"itemListElement\":[{\"@type\":\"ListItem\",\"position\":1,\"name\":\"Strona g\u0142\u00f3wna\",\"item\":\"https:\/\/www.slodyczezpomyslem.pl\/en\/\"},{\"@type\":\"ListItem\",\"position\":2,\"name\":\"Shop\",\"item\":\"https:\/\/www.slodyczezpomyslem.pl\/en\/shop\/\"},{\"@type\":\"ListItem\",\"position\":3,\"name\":\"FAIRYTALE CHOCOLATE 100G\"}]},{\"@type\":\"WebSite\",\"@id\":\"https:\/\/www.slodyczezpomyslem.pl\/#website\",\"url\":\"https:\/\/www.slodyczezpomyslem.pl\/\",\"name\":\"S\u0142odycze z Pomys\u0142em\",\"description\":\"\",\"potentialAction\":[{\"@type\":\"SearchAction\",\"target\":{\"@type\":\"EntryPoint\",\"urlTemplate\":\"https:\/\/www.slodyczezpomyslem.pl\/?s={search_term_string}\"},\"query-input\":{\"@type\":\"PropertyValueSpecification\",\"valueRequired\":true,\"valueName\":\"search_term_string\"}}],\"inLanguage\":\"en-US\"}]}<\/script>\n<!-- \/ Yoast SEO plugin. -->","yoast_head_json":{"title":"FAIRYTALE CHOCOLATE 100G - Promotional Sweets","robots":{"index":"index","follow":"follow","max-snippet":"max-snippet:-1","max-image-preview":"max-image-preview:large","max-video-preview":"max-video-preview:-1"},"canonical":"https:\/\/www.slodyczezpomyslem.pl\/en\/produkt\/fairytale-chocolate-100g-06-07\/","og_locale":"en_US","og_type":"article","og_title":"FAIRYTALE CHOCOLATE 100G - S\u0142odycze z Pomys\u0142em","og_url":"https:\/\/www.slodyczezpomyslem.pl\/en\/produkt\/fairytale-chocolate-100g-06-07\/","og_site_name":"S\u0142odycze z Pomys\u0142em","article_modified_time":"2026-04-08T08:33:36+00:00","og_image":[{"width":1200,"height":940,"url":"https:\/\/www.slodyczezpomyslem.pl\/wp-content\/uploads\/2025\/06\/06.07_2024-3.jpg","type":"image\/jpeg"}],"twitter_card":"summary_large_image","schema":{"@context":"https:\/\/schema.org","@graph":[{"@type":"WebPage","@id":"https:\/\/www.slodyczezpomyslem.pl\/en\/produkt\/fairytale-chocolate-100g-06-07\/","url":"https:\/\/www.slodyczezpomyslem.pl\/en\/produkt\/fairytale-chocolate-100g-06-07\/","name":"FAIRYTALE CHOCOLATE 100G - S\u0142odycze z Pomys\u0142em","isPartOf":{"@id":"https:\/\/www.slodyczezpomyslem.pl\/#website"},"primaryImageOfPage":{"@id":"https:\/\/www.slodyczezpomyslem.pl\/en\/produkt\/fairytale-chocolate-100g-06-07\/#primaryimage"},"image":{"@id":"https:\/\/www.slodyczezpomyslem.pl\/en\/produkt\/fairytale-chocolate-100g-06-07\/#primaryimage"},"thumbnailUrl":"https:\/\/www.slodyczezpomyslem.pl\/wp-content\/uploads\/2025\/06\/06.07_2024-3.jpg","datePublished":"2023-09-06T04:00:00+00:00","dateModified":"2026-04-08T08:33:36+00:00","breadcrumb":{"@id":"https:\/\/www.slodyczezpomyslem.pl\/en\/produkt\/fairytale-chocolate-100g-06-07\/#breadcrumb"},"inLanguage":"en-US","potentialAction":[{"@type":"ReadAction","target":["https:\/\/www.slodyczezpomyslem.pl\/en\/produkt\/fairytale-chocolate-100g-06-07\/"]}]},{"@type":"ImageObject","inLanguage":"en-US","@id":"https:\/\/www.slodyczezpomyslem.pl\/en\/produkt\/fairytale-chocolate-100g-06-07\/#primaryimage","url":"https:\/\/www.slodyczezpomyslem.pl\/wp-content\/uploads\/2025\/06\/06.07_2024-3.jpg","contentUrl":"https:\/\/www.slodyczezpomyslem.pl\/wp-content\/uploads\/2025\/06\/06.07_2024-3.jpg","width":1200,"height":940,"caption":"Upominek firmowy \u2013 czekolada r\u0119cznie robiona z papierow\u0105 obwolut\u0105 reklamow\u0105"},{"@type":"BreadcrumbList","@id":"https:\/\/www.slodyczezpomyslem.pl\/en\/produkt\/fairytale-chocolate-100g-06-07\/#breadcrumb","itemListElement":[{"@type":"ListItem","position":1,"name":"Strona g\u0142\u00f3wna","item":"https:\/\/www.slodyczezpomyslem.pl\/en\/"},{"@type":"ListItem","position":2,"name":"Shop","item":"https:\/\/www.slodyczezpomyslem.pl\/en\/shop\/"},{"@type":"ListItem","position":3,"name":"FAIRYTALE CHOCOLATE 100G"}]},{"@type":"WebSite","@id":"https:\/\/www.slodyczezpomyslem.pl\/#website","url":"https:\/\/www.slodyczezpomyslem.pl\/","name":"S\u0142odycze z Pomys\u0142em","description":"","potentialAction":[{"@type":"SearchAction","target":{"@type":"EntryPoint","urlTemplate":"https:\/\/www.slodyczezpomyslem.pl\/?s={search_term_string}"},"query-input":{"@type":"PropertyValueSpecification","valueRequired":true,"valueName":"search_term_string"}}],"inLanguage":"en-US"}]}},"_links":{"self":[{"href":"https:\/\/www.slodyczezpomyslem.pl\/en\/wp-json\/wp\/v2\/product\/13225","targetHints":{"allow":["GET"]}}],"collection":[{"href":"https:\/\/www.slodyczezpomyslem.pl\/en\/wp-json\/wp\/v2\/product"}],"about":[{"href":"https:\/\/www.slodyczezpomyslem.pl\/en\/wp-json\/wp\/v2\/types\/product"}],"replies":[{"embeddable":true,"href":"https:\/\/www.slodyczezpomyslem.pl\/en\/wp-json\/wp\/v2\/comments?post=13225"}],"version-history":[{"count":4,"href":"https:\/\/www.slodyczezpomyslem.pl\/en\/wp-json\/wp\/v2\/product\/13225\/revisions"}],"predecessor-version":[{"id":19829,"href":"https:\/\/www.slodyczezpomyslem.pl\/en\/wp-json\/wp\/v2\/product\/13225\/revisions\/19829"}],"wp:featuredmedia":[{"embeddable":true,"href":"https:\/\/www.slodyczezpomyslem.pl\/en\/wp-json\/wp\/v2\/media\/6174"}],"wp:attachment":[{"href":"https:\/\/www.slodyczezpomyslem.pl\/en\/wp-json\/wp\/v2\/media?parent=13225"}],"wp:term":[{"taxonomy":"product_brand","embeddable":true,"href":"https:\/\/www.slodyczezpomyslem.pl\/en\/wp-json\/wp\/v2\/product_brand?post=13225"},{"taxonomy":"product_cat","embeddable":true,"href":"https:\/\/www.slodyczezpomyslem.pl\/en\/wp-json\/wp\/v2\/product_cat?post=13225"},{"taxonomy":"product_tag","embeddable":true,"href":"https:\/\/www.slodyczezpomyslem.pl\/en\/wp-json\/wp\/v2\/product_tag?post=13225"}],"curies":[{"name":"wp","href":"https:\/\/api.w.org\/{rel}","templated":true}]}}