{"id":12865,"date":"2017-09-13T13:56:00","date_gmt":"2017-09-13T11:56:00","guid":{"rendered":"https:\/\/slodyczezpomyslem.invette.dev\/produkt\/bus-advent-calendar-21-75\/"},"modified":"2026-04-07T13:26:41","modified_gmt":"2026-04-07T11:26:41","slug":"bus-advent-calendar-21-75","status":"publish","type":"product","link":"https:\/\/www.slodyczezpomyslem.pl\/en\/produkt\/bus-advent-calendar-21-75\/","title":{"rendered":"BUS ADVENT CALENDAR"},"content":{"rendered":"<ul>\n<li><span id=\"result_box\" class=\"\" lang=\"en\"><span class=\"\">Bus shaped Advent calendar containing 24 rectangular chocolates with Christmas motifs embossed in each chocolate<\/span><\/span><\/li>\n<li>in standard &#8211; milk chocolate 44% cooca, other chocolate types available after inquiry<\/li>\n<li><span id=\"result_box\" class=\"\" lang=\"en\"><span class=\"\">cardboard box in the shape of a bus with numbered windows through which chocolates are removed<\/span><\/span><\/li>\n<li><span id=\"result_box\" class=\"\" lang=\"en\"><span class=\"\">full colour promotional print on the front of the box &#8211; CMYK\u00a0<\/span><\/span><\/li>\n<li><span id=\"result_box\" class=\"\" lang=\"en\"><span class=\"\">the back of the calendar without print &#8211; print possible for extra charge<\/span><\/span><\/li>\n<li><span id=\"result_box\" class=\"\" lang=\"en\"><span class=\"\">cardboard support allowing to stand the calendar placed on the back of the box<br \/>\n<\/span><\/span><\/li>\n<\/ul>\n","protected":false},"excerpt":{"rendered":"<p>Bus shaped Advent calendar containing 24 rectangular chocolates with Christmas motifs embossed in each chocolate in standard &#8211; milk chocolate [&hellip;]<\/p>\n","protected":false},"featured_media":2670,"comment_status":"open","ping_status":"closed","template":"","meta":{"_acf_changed":false,"site-sidebar-layout":"default","site-content-layout":"","ast-site-content-layout":"default","site-content-style":"default","site-sidebar-style":"default","ast-global-header-display":"","ast-banner-title-visibility":"","ast-main-header-display":"","ast-hfb-above-header-display":"","ast-hfb-below-header-display":"","ast-hfb-mobile-header-display":"","site-post-title":"","ast-breadcrumbs-content":"","ast-featured-img":"","footer-sml-layout":"","theme-transparent-header-meta":"default","adv-header-id-meta":"","stick-header-meta":"","header-above-stick-meta":"","header-main-stick-meta":"","header-below-stick-meta":"","astra-migrate-meta-layouts":"default","ast-page-background-enabled":"default","ast-page-background-meta":{"desktop":{"background-color":"var(--ast-global-color-5)","background-image":"","background-repeat":"repeat","background-position":"center center","background-size":"auto","background-attachment":"scroll","background-type":"","background-media":"","overlay-type":"","overlay-color":"","overlay-opacity":"","overlay-gradient":""},"tablet":{"background-color":"","background-image":"","background-repeat":"repeat","background-position":"center center","background-size":"auto","background-attachment":"scroll","background-type":"","background-media":"","overlay-type":"","overlay-color":"","overlay-opacity":"","overlay-gradient":""},"mobile":{"background-color":"","background-image":"","background-repeat":"repeat","background-position":"center center","background-size":"auto","background-attachment":"scroll","background-type":"","background-media":"","overlay-type":"","overlay-color":"","overlay-opacity":"","overlay-gradient":""}},"ast-content-background-meta":{"desktop":{"background-color":"var(--ast-global-color-4)","background-image":"","background-repeat":"repeat","background-position":"center center","background-size":"auto","background-attachment":"scroll","background-type":"","background-media":"","overlay-type":"","overlay-color":"","overlay-opacity":"","overlay-gradient":""},"tablet":{"background-color":"var(--ast-global-color-4)","background-image":"","background-repeat":"repeat","background-position":"center center","background-size":"auto","background-attachment":"scroll","background-type":"","background-media":"","overlay-type":"","overlay-color":"","overlay-opacity":"","overlay-gradient":""},"mobile":{"background-color":"var(--ast-global-color-4)","background-image":"","background-repeat":"repeat","background-position":"center center","background-size":"auto","background-attachment":"scroll","background-type":"","background-media":"","overlay-type":"","overlay-color":"","overlay-opacity":"","overlay-gradient":""}}},"product_brand":[],"product_cat":[1233,1180,1132],"product_tag":[],"class_list":{"0":"post-12865","1":"product","2":"type-product","3":"status-publish","4":"has-post-thumbnail","6":"product_cat-advent-calendars","7":"product_cat-christmas","8":"product_cat-products","9":"pa_minimalne-zamowienie-50-szt-en","10":"pa_okres-przydatnosci-6-miesiecy-en","11":"pa_wymiary-opakowania-ok-450x207x12-mm-en","12":"desktop-align-left","13":"tablet-align-left","14":"mobile-align-left","16":"first","17":"instock","18":"shipping-taxable","19":"purchasable","20":"product-type-simple"},"acf":[],"yoast_head":"<!-- This site is optimized with the Yoast SEO plugin v26.6 - https:\/\/yoast.com\/wordpress\/plugins\/seo\/ -->\n<title>BUS ADVENT CALENDAR - Promotional Sweets<\/title>\n<meta name=\"robots\" content=\"index, follow, max-snippet:-1, max-image-preview:large, max-video-preview:-1\" \/>\n<link rel=\"canonical\" href=\"https:\/\/www.slodyczezpomyslem.pl\/produkt\/kalendarz-adwentowy-autobus-21-75\/\" \/>\n<meta property=\"og:locale\" content=\"en_US\" \/>\n<meta property=\"og:type\" content=\"article\" \/>\n<meta property=\"og:title\" content=\"BUS ADVENT CALENDAR - S\u0142odycze z Pomys\u0142em\" \/>\n<meta property=\"og:description\" content=\"Bus shaped Advent calendar containing 24 rectangular chocolates with Christmas motifs embossed in each chocolate in standard &#8211; milk chocolate [&hellip;]\" \/>\n<meta property=\"og:url\" content=\"https:\/\/www.slodyczezpomyslem.pl\/produkt\/kalendarz-adwentowy-autobus-21-75\/\" \/>\n<meta property=\"og:site_name\" content=\"S\u0142odycze z Pomys\u0142em\" \/>\n<meta property=\"article:modified_time\" content=\"2026-04-07T11:26:41+00:00\" \/>\n<meta property=\"og:image\" content=\"https:\/\/www.slodyczezpomyslem.pl\/wp-content\/uploads\/2025\/06\/2024_projekt-1.jpg\" \/>\n\t<meta property=\"og:image:width\" content=\"1200\" \/>\n\t<meta property=\"og:image:height\" content=\"900\" \/>\n\t<meta property=\"og:image:type\" content=\"image\/jpeg\" \/>\n<meta name=\"twitter:card\" content=\"summary_large_image\" \/>\n<script type=\"application\/ld+json\" class=\"yoast-schema-graph\">{\"@context\":\"https:\/\/schema.org\",\"@graph\":[{\"@type\":\"WebPage\",\"@id\":\"https:\/\/www.slodyczezpomyslem.pl\/produkt\/kalendarz-adwentowy-autobus-21-75\/\",\"url\":\"https:\/\/www.slodyczezpomyslem.pl\/produkt\/kalendarz-adwentowy-autobus-21-75\/\",\"name\":\"BUS ADVENT CALENDAR - S\u0142odycze z Pomys\u0142em\",\"isPartOf\":{\"@id\":\"https:\/\/www.slodyczezpomyslem.pl\/#website\"},\"primaryImageOfPage\":{\"@id\":\"https:\/\/www.slodyczezpomyslem.pl\/produkt\/kalendarz-adwentowy-autobus-21-75\/#primaryimage\"},\"image\":{\"@id\":\"https:\/\/www.slodyczezpomyslem.pl\/produkt\/kalendarz-adwentowy-autobus-21-75\/#primaryimage\"},\"thumbnailUrl\":\"https:\/\/www.slodyczezpomyslem.pl\/wp-content\/uploads\/2025\/06\/2024_projekt-1.jpg\",\"datePublished\":\"2017-09-13T11:56:00+00:00\",\"dateModified\":\"2026-04-07T11:26:41+00:00\",\"breadcrumb\":{\"@id\":\"https:\/\/www.slodyczezpomyslem.pl\/produkt\/kalendarz-adwentowy-autobus-21-75\/#breadcrumb\"},\"inLanguage\":\"en-US\",\"potentialAction\":[{\"@type\":\"ReadAction\",\"target\":[\"https:\/\/www.slodyczezpomyslem.pl\/produkt\/kalendarz-adwentowy-autobus-21-75\/\"]}]},{\"@type\":\"ImageObject\",\"inLanguage\":\"en-US\",\"@id\":\"https:\/\/www.slodyczezpomyslem.pl\/produkt\/kalendarz-adwentowy-autobus-21-75\/#primaryimage\",\"url\":\"https:\/\/www.slodyczezpomyslem.pl\/wp-content\/uploads\/2025\/06\/2024_projekt-1.jpg\",\"contentUrl\":\"https:\/\/www.slodyczezpomyslem.pl\/wp-content\/uploads\/2025\/06\/2024_projekt-1.jpg\",\"width\":1200,\"height\":900,\"caption\":\"\u015awi\u0105teczny kalendarz w opakowaniu kartonowym w kszta\u0142cie autobusu z numerowanymi okienkami i logo klienta\"},{\"@type\":\"BreadcrumbList\",\"@id\":\"https:\/\/www.slodyczezpomyslem.pl\/produkt\/kalendarz-adwentowy-autobus-21-75\/#breadcrumb\",\"itemListElement\":[{\"@type\":\"ListItem\",\"position\":1,\"name\":\"Strona g\u0142\u00f3wna\",\"item\":\"https:\/\/www.slodyczezpomyslem.pl\/en\/\"},{\"@type\":\"ListItem\",\"position\":2,\"name\":\"Shop\",\"item\":\"https:\/\/www.slodyczezpomyslem.pl\/en\/shop\/\"},{\"@type\":\"ListItem\",\"position\":3,\"name\":\"BUS ADVENT CALENDAR\"}]},{\"@type\":\"WebSite\",\"@id\":\"https:\/\/www.slodyczezpomyslem.pl\/#website\",\"url\":\"https:\/\/www.slodyczezpomyslem.pl\/\",\"name\":\"S\u0142odycze z Pomys\u0142em\",\"description\":\"\",\"potentialAction\":[{\"@type\":\"SearchAction\",\"target\":{\"@type\":\"EntryPoint\",\"urlTemplate\":\"https:\/\/www.slodyczezpomyslem.pl\/?s={search_term_string}\"},\"query-input\":{\"@type\":\"PropertyValueSpecification\",\"valueRequired\":true,\"valueName\":\"search_term_string\"}}],\"inLanguage\":\"en-US\"}]}<\/script>\n<!-- \/ Yoast SEO plugin. -->","yoast_head_json":{"title":"BUS ADVENT CALENDAR - Promotional Sweets","robots":{"index":"index","follow":"follow","max-snippet":"max-snippet:-1","max-image-preview":"max-image-preview:large","max-video-preview":"max-video-preview:-1"},"canonical":"https:\/\/www.slodyczezpomyslem.pl\/produkt\/kalendarz-adwentowy-autobus-21-75\/","og_locale":"en_US","og_type":"article","og_title":"BUS ADVENT CALENDAR - S\u0142odycze z Pomys\u0142em","og_description":"Bus shaped Advent calendar containing 24 rectangular chocolates with Christmas motifs embossed in each chocolate in standard &#8211; milk chocolate [&hellip;]","og_url":"https:\/\/www.slodyczezpomyslem.pl\/produkt\/kalendarz-adwentowy-autobus-21-75\/","og_site_name":"S\u0142odycze z Pomys\u0142em","article_modified_time":"2026-04-07T11:26:41+00:00","og_image":[{"width":1200,"height":900,"url":"https:\/\/www.slodyczezpomyslem.pl\/wp-content\/uploads\/2025\/06\/2024_projekt-1.jpg","type":"image\/jpeg"}],"twitter_card":"summary_large_image","schema":{"@context":"https:\/\/schema.org","@graph":[{"@type":"WebPage","@id":"https:\/\/www.slodyczezpomyslem.pl\/produkt\/kalendarz-adwentowy-autobus-21-75\/","url":"https:\/\/www.slodyczezpomyslem.pl\/produkt\/kalendarz-adwentowy-autobus-21-75\/","name":"BUS ADVENT CALENDAR - S\u0142odycze z Pomys\u0142em","isPartOf":{"@id":"https:\/\/www.slodyczezpomyslem.pl\/#website"},"primaryImageOfPage":{"@id":"https:\/\/www.slodyczezpomyslem.pl\/produkt\/kalendarz-adwentowy-autobus-21-75\/#primaryimage"},"image":{"@id":"https:\/\/www.slodyczezpomyslem.pl\/produkt\/kalendarz-adwentowy-autobus-21-75\/#primaryimage"},"thumbnailUrl":"https:\/\/www.slodyczezpomyslem.pl\/wp-content\/uploads\/2025\/06\/2024_projekt-1.jpg","datePublished":"2017-09-13T11:56:00+00:00","dateModified":"2026-04-07T11:26:41+00:00","breadcrumb":{"@id":"https:\/\/www.slodyczezpomyslem.pl\/produkt\/kalendarz-adwentowy-autobus-21-75\/#breadcrumb"},"inLanguage":"en-US","potentialAction":[{"@type":"ReadAction","target":["https:\/\/www.slodyczezpomyslem.pl\/produkt\/kalendarz-adwentowy-autobus-21-75\/"]}]},{"@type":"ImageObject","inLanguage":"en-US","@id":"https:\/\/www.slodyczezpomyslem.pl\/produkt\/kalendarz-adwentowy-autobus-21-75\/#primaryimage","url":"https:\/\/www.slodyczezpomyslem.pl\/wp-content\/uploads\/2025\/06\/2024_projekt-1.jpg","contentUrl":"https:\/\/www.slodyczezpomyslem.pl\/wp-content\/uploads\/2025\/06\/2024_projekt-1.jpg","width":1200,"height":900,"caption":"\u015awi\u0105teczny kalendarz w opakowaniu kartonowym w kszta\u0142cie autobusu z numerowanymi okienkami i logo klienta"},{"@type":"BreadcrumbList","@id":"https:\/\/www.slodyczezpomyslem.pl\/produkt\/kalendarz-adwentowy-autobus-21-75\/#breadcrumb","itemListElement":[{"@type":"ListItem","position":1,"name":"Strona g\u0142\u00f3wna","item":"https:\/\/www.slodyczezpomyslem.pl\/en\/"},{"@type":"ListItem","position":2,"name":"Shop","item":"https:\/\/www.slodyczezpomyslem.pl\/en\/shop\/"},{"@type":"ListItem","position":3,"name":"BUS ADVENT CALENDAR"}]},{"@type":"WebSite","@id":"https:\/\/www.slodyczezpomyslem.pl\/#website","url":"https:\/\/www.slodyczezpomyslem.pl\/","name":"S\u0142odycze z Pomys\u0142em","description":"","potentialAction":[{"@type":"SearchAction","target":{"@type":"EntryPoint","urlTemplate":"https:\/\/www.slodyczezpomyslem.pl\/?s={search_term_string}"},"query-input":{"@type":"PropertyValueSpecification","valueRequired":true,"valueName":"search_term_string"}}],"inLanguage":"en-US"}]}},"_links":{"self":[{"href":"https:\/\/www.slodyczezpomyslem.pl\/en\/wp-json\/wp\/v2\/product\/12865","targetHints":{"allow":["GET"]}}],"collection":[{"href":"https:\/\/www.slodyczezpomyslem.pl\/en\/wp-json\/wp\/v2\/product"}],"about":[{"href":"https:\/\/www.slodyczezpomyslem.pl\/en\/wp-json\/wp\/v2\/types\/product"}],"replies":[{"embeddable":true,"href":"https:\/\/www.slodyczezpomyslem.pl\/en\/wp-json\/wp\/v2\/comments?post=12865"}],"version-history":[{"count":3,"href":"https:\/\/www.slodyczezpomyslem.pl\/en\/wp-json\/wp\/v2\/product\/12865\/revisions"}],"predecessor-version":[{"id":17664,"href":"https:\/\/www.slodyczezpomyslem.pl\/en\/wp-json\/wp\/v2\/product\/12865\/revisions\/17664"}],"wp:featuredmedia":[{"embeddable":true,"href":"https:\/\/www.slodyczezpomyslem.pl\/en\/wp-json\/wp\/v2\/media\/2670"}],"wp:attachment":[{"href":"https:\/\/www.slodyczezpomyslem.pl\/en\/wp-json\/wp\/v2\/media?parent=12865"}],"wp:term":[{"taxonomy":"product_brand","embeddable":true,"href":"https:\/\/www.slodyczezpomyslem.pl\/en\/wp-json\/wp\/v2\/product_brand?post=12865"},{"taxonomy":"product_cat","embeddable":true,"href":"https:\/\/www.slodyczezpomyslem.pl\/en\/wp-json\/wp\/v2\/product_cat?post=12865"},{"taxonomy":"product_tag","embeddable":true,"href":"https:\/\/www.slodyczezpomyslem.pl\/en\/wp-json\/wp\/v2\/product_tag?post=12865"}],"curies":[{"name":"wp","href":"https:\/\/api.w.org\/{rel}","templated":true}]}}