{"id":12850,"date":"2017-08-01T08:18:00","date_gmt":"2017-08-01T06:18:00","guid":{"rendered":"https:\/\/slodyczezpomyslem.invette.dev\/produkt\/star-cookie-21-81\/"},"modified":"2025-11-20T09:50:26","modified_gmt":"2025-11-20T08:50:26","slug":"star-cookie-21-81","status":"publish","type":"product","link":"https:\/\/www.slodyczezpomyslem.pl\/en\/produkt\/star-cookie-21-81\/","title":{"rendered":"STAR COOKIE"},"content":{"rendered":"<ul>\n<li>Star shaped, honey cookie covered with confectionery mass with promotional print<\/li>\n<li>full colour print in RGB<\/li>\n<li>packed in transparent foil bag and tied with decorative ribbon in several available colours<\/li>\n<li>after inquiry: bags closed with gold clipband<\/li>\n<\/ul>\n","protected":false},"excerpt":{"rendered":"<p>Star shaped, honey cookie covered with confectionery mass with promotional print full colour print in RGB packed in transparent foil [&hellip;]<\/p>\n","protected":false},"featured_media":2603,"comment_status":"open","ping_status":"closed","template":"","meta":{"_acf_changed":false,"site-sidebar-layout":"default","site-content-layout":"","ast-site-content-layout":"default","site-content-style":"default","site-sidebar-style":"default","ast-global-header-display":"","ast-banner-title-visibility":"","ast-main-header-display":"","ast-hfb-above-header-display":"","ast-hfb-below-header-display":"","ast-hfb-mobile-header-display":"","site-post-title":"","ast-breadcrumbs-content":"","ast-featured-img":"","footer-sml-layout":"","theme-transparent-header-meta":"default","adv-header-id-meta":"","stick-header-meta":"","header-above-stick-meta":"","header-main-stick-meta":"","header-below-stick-meta":"","astra-migrate-meta-layouts":"default","ast-page-background-enabled":"default","ast-page-background-meta":{"desktop":{"background-color":"var(--ast-global-color-5)","background-image":"","background-repeat":"repeat","background-position":"center center","background-size":"auto","background-attachment":"scroll","background-type":"","background-media":"","overlay-type":"","overlay-color":"","overlay-opacity":"","overlay-gradient":""},"tablet":{"background-color":"","background-image":"","background-repeat":"repeat","background-position":"center center","background-size":"auto","background-attachment":"scroll","background-type":"","background-media":"","overlay-type":"","overlay-color":"","overlay-opacity":"","overlay-gradient":""},"mobile":{"background-color":"","background-image":"","background-repeat":"repeat","background-position":"center center","background-size":"auto","background-attachment":"scroll","background-type":"","background-media":"","overlay-type":"","overlay-color":"","overlay-opacity":"","overlay-gradient":""}},"ast-content-background-meta":{"desktop":{"background-color":"var(--ast-global-color-4)","background-image":"","background-repeat":"repeat","background-position":"center center","background-size":"auto","background-attachment":"scroll","background-type":"","background-media":"","overlay-type":"","overlay-color":"","overlay-opacity":"","overlay-gradient":""},"tablet":{"background-color":"var(--ast-global-color-4)","background-image":"","background-repeat":"repeat","background-position":"center center","background-size":"auto","background-attachment":"scroll","background-type":"","background-media":"","overlay-type":"","overlay-color":"","overlay-opacity":"","overlay-gradient":""},"mobile":{"background-color":"var(--ast-global-color-4)","background-image":"","background-repeat":"repeat","background-position":"center center","background-size":"auto","background-attachment":"scroll","background-type":"","background-media":"","overlay-type":"","overlay-color":"","overlay-opacity":"","overlay-gradient":""}}},"product_brand":[],"product_cat":[1269,1180,1219,1132],"product_tag":[],"class_list":{"0":"post-12850","1":"product","2":"type-product","3":"status-publish","4":"has-post-thumbnail","6":"product_cat-biscuits-gingerbreads","7":"product_cat-christmas","8":"product_cat-cookies-and-gingerbreads","9":"product_cat-products","10":"pa_minimalne-zamowienie-100-szt-en","11":"pa_okres-przydatnosci-2-miesiace-en","12":"desktop-align-left","13":"tablet-align-left","14":"mobile-align-left","16":"first","17":"instock","18":"shipping-taxable","19":"purchasable","20":"product-type-simple"},"acf":[],"yoast_head":"<!-- This site is optimized with the Yoast SEO plugin v26.6 - https:\/\/yoast.com\/wordpress\/plugins\/seo\/ -->\n<title>STAR COOKIE - Promotional Sweets<\/title>\n<meta name=\"robots\" content=\"index, follow, max-snippet:-1, max-image-preview:large, max-video-preview:-1\" \/>\n<link rel=\"canonical\" href=\"https:\/\/www.slodyczezpomyslem.pl\/en\/produkt\/star-cookie-21-81\/\" \/>\n<meta property=\"og:locale\" content=\"en_US\" \/>\n<meta property=\"og:type\" content=\"article\" \/>\n<meta property=\"og:title\" content=\"STAR COOKIE - S\u0142odycze z Pomys\u0142em\" \/>\n<meta property=\"og:description\" content=\"Star shaped, honey cookie covered with confectionery mass with promotional print full colour print in RGB packed in transparent foil [&hellip;]\" \/>\n<meta property=\"og:url\" content=\"https:\/\/www.slodyczezpomyslem.pl\/en\/produkt\/star-cookie-21-81\/\" \/>\n<meta property=\"og:site_name\" content=\"S\u0142odycze z Pomys\u0142em\" \/>\n<meta property=\"article:modified_time\" content=\"2025-11-20T08:50:26+00:00\" \/>\n<meta property=\"og:image\" content=\"https:\/\/www.slodyczezpomyslem.pl\/wp-content\/uploads\/2025\/06\/2023_21.81.jpg\" \/>\n\t<meta property=\"og:image:width\" content=\"1200\" \/>\n\t<meta property=\"og:image:height\" content=\"900\" \/>\n\t<meta property=\"og:image:type\" content=\"image\/jpeg\" \/>\n<meta name=\"twitter:card\" content=\"summary_large_image\" \/>\n<script type=\"application\/ld+json\" class=\"yoast-schema-graph\">{\"@context\":\"https:\/\/schema.org\",\"@graph\":[{\"@type\":\"WebPage\",\"@id\":\"https:\/\/www.slodyczezpomyslem.pl\/en\/produkt\/star-cookie-21-81\/\",\"url\":\"https:\/\/www.slodyczezpomyslem.pl\/en\/produkt\/star-cookie-21-81\/\",\"name\":\"STAR COOKIE - S\u0142odycze z Pomys\u0142em\",\"isPartOf\":{\"@id\":\"https:\/\/www.slodyczezpomyslem.pl\/#website\"},\"primaryImageOfPage\":{\"@id\":\"https:\/\/www.slodyczezpomyslem.pl\/en\/produkt\/star-cookie-21-81\/#primaryimage\"},\"image\":{\"@id\":\"https:\/\/www.slodyczezpomyslem.pl\/en\/produkt\/star-cookie-21-81\/#primaryimage\"},\"thumbnailUrl\":\"https:\/\/www.slodyczezpomyslem.pl\/wp-content\/uploads\/2025\/06\/2023_21.81.jpg\",\"datePublished\":\"2017-08-01T06:18:00+00:00\",\"dateModified\":\"2025-11-20T08:50:26+00:00\",\"breadcrumb\":{\"@id\":\"https:\/\/www.slodyczezpomyslem.pl\/en\/produkt\/star-cookie-21-81\/#breadcrumb\"},\"inLanguage\":\"en-US\",\"potentialAction\":[{\"@type\":\"ReadAction\",\"target\":[\"https:\/\/www.slodyczezpomyslem.pl\/en\/produkt\/star-cookie-21-81\/\"]}]},{\"@type\":\"ImageObject\",\"inLanguage\":\"en-US\",\"@id\":\"https:\/\/www.slodyczezpomyslem.pl\/en\/produkt\/star-cookie-21-81\/#primaryimage\",\"url\":\"https:\/\/www.slodyczezpomyslem.pl\/wp-content\/uploads\/2025\/06\/2023_21.81.jpg\",\"contentUrl\":\"https:\/\/www.slodyczezpomyslem.pl\/wp-content\/uploads\/2025\/06\/2023_21.81.jpg\",\"width\":1200,\"height\":900,\"caption\":\"\u015awi\u0105teczne ciastko w kszta\u0142cie gwiazdki z firmowym nadrukiem,\"},{\"@type\":\"BreadcrumbList\",\"@id\":\"https:\/\/www.slodyczezpomyslem.pl\/en\/produkt\/star-cookie-21-81\/#breadcrumb\",\"itemListElement\":[{\"@type\":\"ListItem\",\"position\":1,\"name\":\"Strona g\u0142\u00f3wna\",\"item\":\"https:\/\/www.slodyczezpomyslem.pl\/en\/\"},{\"@type\":\"ListItem\",\"position\":2,\"name\":\"Shop\",\"item\":\"https:\/\/www.slodyczezpomyslem.pl\/en\/shop\/\"},{\"@type\":\"ListItem\",\"position\":3,\"name\":\"STAR COOKIE\"}]},{\"@type\":\"WebSite\",\"@id\":\"https:\/\/www.slodyczezpomyslem.pl\/#website\",\"url\":\"https:\/\/www.slodyczezpomyslem.pl\/\",\"name\":\"S\u0142odycze z Pomys\u0142em\",\"description\":\"\",\"potentialAction\":[{\"@type\":\"SearchAction\",\"target\":{\"@type\":\"EntryPoint\",\"urlTemplate\":\"https:\/\/www.slodyczezpomyslem.pl\/?s={search_term_string}\"},\"query-input\":{\"@type\":\"PropertyValueSpecification\",\"valueRequired\":true,\"valueName\":\"search_term_string\"}}],\"inLanguage\":\"en-US\"}]}<\/script>\n<!-- \/ Yoast SEO plugin. -->","yoast_head_json":{"title":"STAR COOKIE - Promotional Sweets","robots":{"index":"index","follow":"follow","max-snippet":"max-snippet:-1","max-image-preview":"max-image-preview:large","max-video-preview":"max-video-preview:-1"},"canonical":"https:\/\/www.slodyczezpomyslem.pl\/en\/produkt\/star-cookie-21-81\/","og_locale":"en_US","og_type":"article","og_title":"STAR COOKIE - S\u0142odycze z Pomys\u0142em","og_description":"Star shaped, honey cookie covered with confectionery mass with promotional print full colour print in RGB packed in transparent foil [&hellip;]","og_url":"https:\/\/www.slodyczezpomyslem.pl\/en\/produkt\/star-cookie-21-81\/","og_site_name":"S\u0142odycze z Pomys\u0142em","article_modified_time":"2025-11-20T08:50:26+00:00","og_image":[{"width":1200,"height":900,"url":"https:\/\/www.slodyczezpomyslem.pl\/wp-content\/uploads\/2025\/06\/2023_21.81.jpg","type":"image\/jpeg"}],"twitter_card":"summary_large_image","schema":{"@context":"https:\/\/schema.org","@graph":[{"@type":"WebPage","@id":"https:\/\/www.slodyczezpomyslem.pl\/en\/produkt\/star-cookie-21-81\/","url":"https:\/\/www.slodyczezpomyslem.pl\/en\/produkt\/star-cookie-21-81\/","name":"STAR COOKIE - S\u0142odycze z Pomys\u0142em","isPartOf":{"@id":"https:\/\/www.slodyczezpomyslem.pl\/#website"},"primaryImageOfPage":{"@id":"https:\/\/www.slodyczezpomyslem.pl\/en\/produkt\/star-cookie-21-81\/#primaryimage"},"image":{"@id":"https:\/\/www.slodyczezpomyslem.pl\/en\/produkt\/star-cookie-21-81\/#primaryimage"},"thumbnailUrl":"https:\/\/www.slodyczezpomyslem.pl\/wp-content\/uploads\/2025\/06\/2023_21.81.jpg","datePublished":"2017-08-01T06:18:00+00:00","dateModified":"2025-11-20T08:50:26+00:00","breadcrumb":{"@id":"https:\/\/www.slodyczezpomyslem.pl\/en\/produkt\/star-cookie-21-81\/#breadcrumb"},"inLanguage":"en-US","potentialAction":[{"@type":"ReadAction","target":["https:\/\/www.slodyczezpomyslem.pl\/en\/produkt\/star-cookie-21-81\/"]}]},{"@type":"ImageObject","inLanguage":"en-US","@id":"https:\/\/www.slodyczezpomyslem.pl\/en\/produkt\/star-cookie-21-81\/#primaryimage","url":"https:\/\/www.slodyczezpomyslem.pl\/wp-content\/uploads\/2025\/06\/2023_21.81.jpg","contentUrl":"https:\/\/www.slodyczezpomyslem.pl\/wp-content\/uploads\/2025\/06\/2023_21.81.jpg","width":1200,"height":900,"caption":"\u015awi\u0105teczne ciastko w kszta\u0142cie gwiazdki z firmowym nadrukiem,"},{"@type":"BreadcrumbList","@id":"https:\/\/www.slodyczezpomyslem.pl\/en\/produkt\/star-cookie-21-81\/#breadcrumb","itemListElement":[{"@type":"ListItem","position":1,"name":"Strona g\u0142\u00f3wna","item":"https:\/\/www.slodyczezpomyslem.pl\/en\/"},{"@type":"ListItem","position":2,"name":"Shop","item":"https:\/\/www.slodyczezpomyslem.pl\/en\/shop\/"},{"@type":"ListItem","position":3,"name":"STAR COOKIE"}]},{"@type":"WebSite","@id":"https:\/\/www.slodyczezpomyslem.pl\/#website","url":"https:\/\/www.slodyczezpomyslem.pl\/","name":"S\u0142odycze z Pomys\u0142em","description":"","potentialAction":[{"@type":"SearchAction","target":{"@type":"EntryPoint","urlTemplate":"https:\/\/www.slodyczezpomyslem.pl\/?s={search_term_string}"},"query-input":{"@type":"PropertyValueSpecification","valueRequired":true,"valueName":"search_term_string"}}],"inLanguage":"en-US"}]}},"_links":{"self":[{"href":"https:\/\/www.slodyczezpomyslem.pl\/en\/wp-json\/wp\/v2\/product\/12850","targetHints":{"allow":["GET"]}}],"collection":[{"href":"https:\/\/www.slodyczezpomyslem.pl\/en\/wp-json\/wp\/v2\/product"}],"about":[{"href":"https:\/\/www.slodyczezpomyslem.pl\/en\/wp-json\/wp\/v2\/types\/product"}],"replies":[{"embeddable":true,"href":"https:\/\/www.slodyczezpomyslem.pl\/en\/wp-json\/wp\/v2\/comments?post=12850"}],"version-history":[{"count":3,"href":"https:\/\/www.slodyczezpomyslem.pl\/en\/wp-json\/wp\/v2\/product\/12850\/revisions"}],"predecessor-version":[{"id":17668,"href":"https:\/\/www.slodyczezpomyslem.pl\/en\/wp-json\/wp\/v2\/product\/12850\/revisions\/17668"}],"wp:featuredmedia":[{"embeddable":true,"href":"https:\/\/www.slodyczezpomyslem.pl\/en\/wp-json\/wp\/v2\/media\/2603"}],"wp:attachment":[{"href":"https:\/\/www.slodyczezpomyslem.pl\/en\/wp-json\/wp\/v2\/media?parent=12850"}],"wp:term":[{"taxonomy":"product_brand","embeddable":true,"href":"https:\/\/www.slodyczezpomyslem.pl\/en\/wp-json\/wp\/v2\/product_brand?post=12850"},{"taxonomy":"product_cat","embeddable":true,"href":"https:\/\/www.slodyczezpomyslem.pl\/en\/wp-json\/wp\/v2\/product_cat?post=12850"},{"taxonomy":"product_tag","embeddable":true,"href":"https:\/\/www.slodyczezpomyslem.pl\/en\/wp-json\/wp\/v2\/product_tag?post=12850"}],"curies":[{"name":"wp","href":"https:\/\/api.w.org\/{rel}","templated":true}]}}