{"id":12846,"date":"2017-07-31T13:54:00","date_gmt":"2017-07-31T11:54:00","guid":{"rendered":"https:\/\/slodyczezpomyslem.invette.dev\/produkt\/star-lollipop-11-19\/"},"modified":"2025-11-04T11:15:40","modified_gmt":"2025-11-04T10:15:40","slug":"star-lollipop-11-19","status":"publish","type":"product","link":"https:\/\/www.slodyczezpomyslem.pl\/en\/produkt\/star-lollipop-11-19\/","title":{"rendered":"STAR LOLLIPOP"},"content":{"rendered":"<ul>\n<li><strong>Star &#8211; shaped lollipops<\/strong><\/li>\n<li>packed in transparent foil bags closed with decorative clasp (gold, silver or red \u2013 colour of clasp is impossible to choose)<\/li>\n<li>20 cm long wooden stick<\/li>\n<li>double-sided tag with promotional print \u2013 CMYK<\/li>\n<\/ul>\n","protected":false},"excerpt":{"rendered":"<p>Star &#8211; shaped lollipops packed in transparent foil bags closed with decorative clasp (gold, silver or red \u2013 colour of [&hellip;]<\/p>\n","protected":false},"featured_media":5353,"comment_status":"open","ping_status":"closed","template":"","meta":{"_acf_changed":false,"site-sidebar-layout":"default","site-content-layout":"","ast-site-content-layout":"default","site-content-style":"default","site-sidebar-style":"default","ast-global-header-display":"","ast-banner-title-visibility":"","ast-main-header-display":"","ast-hfb-above-header-display":"","ast-hfb-below-header-display":"","ast-hfb-mobile-header-display":"","site-post-title":"","ast-breadcrumbs-content":"","ast-featured-img":"","footer-sml-layout":"","theme-transparent-header-meta":"default","adv-header-id-meta":"","stick-header-meta":"","header-above-stick-meta":"","header-main-stick-meta":"","header-below-stick-meta":"","astra-migrate-meta-layouts":"default","ast-page-background-enabled":"default","ast-page-background-meta":{"desktop":{"background-color":"var(--ast-global-color-5)","background-image":"","background-repeat":"repeat","background-position":"center center","background-size":"auto","background-attachment":"scroll","background-type":"","background-media":"","overlay-type":"","overlay-color":"","overlay-opacity":"","overlay-gradient":""},"tablet":{"background-color":"","background-image":"","background-repeat":"repeat","background-position":"center center","background-size":"auto","background-attachment":"scroll","background-type":"","background-media":"","overlay-type":"","overlay-color":"","overlay-opacity":"","overlay-gradient":""},"mobile":{"background-color":"","background-image":"","background-repeat":"repeat","background-position":"center center","background-size":"auto","background-attachment":"scroll","background-type":"","background-media":"","overlay-type":"","overlay-color":"","overlay-opacity":"","overlay-gradient":""}},"ast-content-background-meta":{"desktop":{"background-color":"var(--ast-global-color-4)","background-image":"","background-repeat":"repeat","background-position":"center center","background-size":"auto","background-attachment":"scroll","background-type":"","background-media":"","overlay-type":"","overlay-color":"","overlay-opacity":"","overlay-gradient":""},"tablet":{"background-color":"var(--ast-global-color-4)","background-image":"","background-repeat":"repeat","background-position":"center center","background-size":"auto","background-attachment":"scroll","background-type":"","background-media":"","overlay-type":"","overlay-color":"","overlay-opacity":"","overlay-gradient":""},"mobile":{"background-color":"var(--ast-global-color-4)","background-image":"","background-repeat":"repeat","background-position":"center center","background-size":"auto","background-attachment":"scroll","background-type":"","background-media":"","overlay-type":"","overlay-color":"","overlay-opacity":"","overlay-gradient":""}}},"product_brand":[],"product_cat":[1180,1181,1158,1132],"product_tag":[],"class_list":{"0":"post-12846","1":"product","2":"type-product","3":"status-publish","4":"has-post-thumbnail","6":"product_cat-christmas","7":"product_cat-impulse-products","8":"product_cat-lollipops","9":"product_cat-products","10":"pa_minimalne-zamowienie-500-szt-en","11":"pa_okres-przydatnosci-6-miesiecy-en","12":"desktop-align-left","13":"tablet-align-left","14":"mobile-align-left","16":"first","17":"instock","18":"shipping-taxable","19":"purchasable","20":"product-type-simple"},"acf":[],"yoast_head":"<!-- This site is optimized with the Yoast SEO plugin v26.6 - https:\/\/yoast.com\/wordpress\/plugins\/seo\/ -->\n<title>STAR LOLLIPOP - Promotional Sweets<\/title>\n<meta name=\"robots\" content=\"index, follow, max-snippet:-1, max-image-preview:large, max-video-preview:-1\" \/>\n<link rel=\"canonical\" href=\"https:\/\/www.slodyczezpomyslem.pl\/en\/produkt\/star-lollipop-11-19\/\" \/>\n<meta property=\"og:locale\" content=\"en_US\" \/>\n<meta property=\"og:type\" content=\"article\" \/>\n<meta property=\"og:title\" content=\"STAR LOLLIPOP - S\u0142odycze z Pomys\u0142em\" \/>\n<meta property=\"og:description\" content=\"Star &#8211; shaped lollipops packed in transparent foil bags closed with decorative clasp (gold, silver or red \u2013 colour of [&hellip;]\" \/>\n<meta property=\"og:url\" content=\"https:\/\/www.slodyczezpomyslem.pl\/en\/produkt\/star-lollipop-11-19\/\" \/>\n<meta property=\"og:site_name\" content=\"S\u0142odycze z Pomys\u0142em\" \/>\n<meta property=\"article:modified_time\" content=\"2025-11-04T10:15:40+00:00\" \/>\n<meta property=\"og:image\" content=\"https:\/\/www.slodyczezpomyslem.pl\/wp-content\/uploads\/2025\/06\/2023_11.19.jpg\" \/>\n\t<meta property=\"og:image:width\" content=\"1200\" \/>\n\t<meta property=\"og:image:height\" content=\"900\" \/>\n\t<meta property=\"og:image:type\" content=\"image\/jpeg\" \/>\n<meta name=\"twitter:card\" content=\"summary_large_image\" \/>\n<script type=\"application\/ld+json\" class=\"yoast-schema-graph\">{\"@context\":\"https:\/\/schema.org\",\"@graph\":[{\"@type\":\"WebPage\",\"@id\":\"https:\/\/www.slodyczezpomyslem.pl\/en\/produkt\/star-lollipop-11-19\/\",\"url\":\"https:\/\/www.slodyczezpomyslem.pl\/en\/produkt\/star-lollipop-11-19\/\",\"name\":\"STAR LOLLIPOP - S\u0142odycze z Pomys\u0142em\",\"isPartOf\":{\"@id\":\"https:\/\/www.slodyczezpomyslem.pl\/#website\"},\"primaryImageOfPage\":{\"@id\":\"https:\/\/www.slodyczezpomyslem.pl\/en\/produkt\/star-lollipop-11-19\/#primaryimage\"},\"image\":{\"@id\":\"https:\/\/www.slodyczezpomyslem.pl\/en\/produkt\/star-lollipop-11-19\/#primaryimage\"},\"thumbnailUrl\":\"https:\/\/www.slodyczezpomyslem.pl\/wp-content\/uploads\/2025\/06\/2023_11.19.jpg\",\"datePublished\":\"2017-07-31T11:54:00+00:00\",\"dateModified\":\"2025-11-04T10:15:40+00:00\",\"breadcrumb\":{\"@id\":\"https:\/\/www.slodyczezpomyslem.pl\/en\/produkt\/star-lollipop-11-19\/#breadcrumb\"},\"inLanguage\":\"en-US\",\"potentialAction\":[{\"@type\":\"ReadAction\",\"target\":[\"https:\/\/www.slodyczezpomyslem.pl\/en\/produkt\/star-lollipop-11-19\/\"]}]},{\"@type\":\"ImageObject\",\"inLanguage\":\"en-US\",\"@id\":\"https:\/\/www.slodyczezpomyslem.pl\/en\/produkt\/star-lollipop-11-19\/#primaryimage\",\"url\":\"https:\/\/www.slodyczezpomyslem.pl\/wp-content\/uploads\/2025\/06\/2023_11.19.jpg\",\"contentUrl\":\"https:\/\/www.slodyczezpomyslem.pl\/wp-content\/uploads\/2025\/06\/2023_11.19.jpg\",\"width\":1200,\"height\":900,\"caption\":\"Lizak w kszta\u0142cie gwiazdki na drewnianym patyczku z chor\u0105giewk\u0105 z nadrukiem reklamowym\"},{\"@type\":\"BreadcrumbList\",\"@id\":\"https:\/\/www.slodyczezpomyslem.pl\/en\/produkt\/star-lollipop-11-19\/#breadcrumb\",\"itemListElement\":[{\"@type\":\"ListItem\",\"position\":1,\"name\":\"Strona g\u0142\u00f3wna\",\"item\":\"https:\/\/www.slodyczezpomyslem.pl\/en\/\"},{\"@type\":\"ListItem\",\"position\":2,\"name\":\"Shop\",\"item\":\"https:\/\/www.slodyczezpomyslem.pl\/en\/shop\/\"},{\"@type\":\"ListItem\",\"position\":3,\"name\":\"STAR LOLLIPOP\"}]},{\"@type\":\"WebSite\",\"@id\":\"https:\/\/www.slodyczezpomyslem.pl\/#website\",\"url\":\"https:\/\/www.slodyczezpomyslem.pl\/\",\"name\":\"S\u0142odycze z Pomys\u0142em\",\"description\":\"\",\"potentialAction\":[{\"@type\":\"SearchAction\",\"target\":{\"@type\":\"EntryPoint\",\"urlTemplate\":\"https:\/\/www.slodyczezpomyslem.pl\/?s={search_term_string}\"},\"query-input\":{\"@type\":\"PropertyValueSpecification\",\"valueRequired\":true,\"valueName\":\"search_term_string\"}}],\"inLanguage\":\"en-US\"}]}<\/script>\n<!-- \/ Yoast SEO plugin. -->","yoast_head_json":{"title":"STAR LOLLIPOP - Promotional Sweets","robots":{"index":"index","follow":"follow","max-snippet":"max-snippet:-1","max-image-preview":"max-image-preview:large","max-video-preview":"max-video-preview:-1"},"canonical":"https:\/\/www.slodyczezpomyslem.pl\/en\/produkt\/star-lollipop-11-19\/","og_locale":"en_US","og_type":"article","og_title":"STAR LOLLIPOP - S\u0142odycze z Pomys\u0142em","og_description":"Star &#8211; shaped lollipops packed in transparent foil bags closed with decorative clasp (gold, silver or red \u2013 colour of [&hellip;]","og_url":"https:\/\/www.slodyczezpomyslem.pl\/en\/produkt\/star-lollipop-11-19\/","og_site_name":"S\u0142odycze z Pomys\u0142em","article_modified_time":"2025-11-04T10:15:40+00:00","og_image":[{"width":1200,"height":900,"url":"https:\/\/www.slodyczezpomyslem.pl\/wp-content\/uploads\/2025\/06\/2023_11.19.jpg","type":"image\/jpeg"}],"twitter_card":"summary_large_image","schema":{"@context":"https:\/\/schema.org","@graph":[{"@type":"WebPage","@id":"https:\/\/www.slodyczezpomyslem.pl\/en\/produkt\/star-lollipop-11-19\/","url":"https:\/\/www.slodyczezpomyslem.pl\/en\/produkt\/star-lollipop-11-19\/","name":"STAR LOLLIPOP - S\u0142odycze z Pomys\u0142em","isPartOf":{"@id":"https:\/\/www.slodyczezpomyslem.pl\/#website"},"primaryImageOfPage":{"@id":"https:\/\/www.slodyczezpomyslem.pl\/en\/produkt\/star-lollipop-11-19\/#primaryimage"},"image":{"@id":"https:\/\/www.slodyczezpomyslem.pl\/en\/produkt\/star-lollipop-11-19\/#primaryimage"},"thumbnailUrl":"https:\/\/www.slodyczezpomyslem.pl\/wp-content\/uploads\/2025\/06\/2023_11.19.jpg","datePublished":"2017-07-31T11:54:00+00:00","dateModified":"2025-11-04T10:15:40+00:00","breadcrumb":{"@id":"https:\/\/www.slodyczezpomyslem.pl\/en\/produkt\/star-lollipop-11-19\/#breadcrumb"},"inLanguage":"en-US","potentialAction":[{"@type":"ReadAction","target":["https:\/\/www.slodyczezpomyslem.pl\/en\/produkt\/star-lollipop-11-19\/"]}]},{"@type":"ImageObject","inLanguage":"en-US","@id":"https:\/\/www.slodyczezpomyslem.pl\/en\/produkt\/star-lollipop-11-19\/#primaryimage","url":"https:\/\/www.slodyczezpomyslem.pl\/wp-content\/uploads\/2025\/06\/2023_11.19.jpg","contentUrl":"https:\/\/www.slodyczezpomyslem.pl\/wp-content\/uploads\/2025\/06\/2023_11.19.jpg","width":1200,"height":900,"caption":"Lizak w kszta\u0142cie gwiazdki na drewnianym patyczku z chor\u0105giewk\u0105 z nadrukiem reklamowym"},{"@type":"BreadcrumbList","@id":"https:\/\/www.slodyczezpomyslem.pl\/en\/produkt\/star-lollipop-11-19\/#breadcrumb","itemListElement":[{"@type":"ListItem","position":1,"name":"Strona g\u0142\u00f3wna","item":"https:\/\/www.slodyczezpomyslem.pl\/en\/"},{"@type":"ListItem","position":2,"name":"Shop","item":"https:\/\/www.slodyczezpomyslem.pl\/en\/shop\/"},{"@type":"ListItem","position":3,"name":"STAR LOLLIPOP"}]},{"@type":"WebSite","@id":"https:\/\/www.slodyczezpomyslem.pl\/#website","url":"https:\/\/www.slodyczezpomyslem.pl\/","name":"S\u0142odycze z Pomys\u0142em","description":"","potentialAction":[{"@type":"SearchAction","target":{"@type":"EntryPoint","urlTemplate":"https:\/\/www.slodyczezpomyslem.pl\/?s={search_term_string}"},"query-input":{"@type":"PropertyValueSpecification","valueRequired":true,"valueName":"search_term_string"}}],"inLanguage":"en-US"}]}},"_links":{"self":[{"href":"https:\/\/www.slodyczezpomyslem.pl\/en\/wp-json\/wp\/v2\/product\/12846","targetHints":{"allow":["GET"]}}],"collection":[{"href":"https:\/\/www.slodyczezpomyslem.pl\/en\/wp-json\/wp\/v2\/product"}],"about":[{"href":"https:\/\/www.slodyczezpomyslem.pl\/en\/wp-json\/wp\/v2\/types\/product"}],"replies":[{"embeddable":true,"href":"https:\/\/www.slodyczezpomyslem.pl\/en\/wp-json\/wp\/v2\/comments?post=12846"}],"version-history":[{"count":3,"href":"https:\/\/www.slodyczezpomyslem.pl\/en\/wp-json\/wp\/v2\/product\/12846\/revisions"}],"predecessor-version":[{"id":17314,"href":"https:\/\/www.slodyczezpomyslem.pl\/en\/wp-json\/wp\/v2\/product\/12846\/revisions\/17314"}],"wp:featuredmedia":[{"embeddable":true,"href":"https:\/\/www.slodyczezpomyslem.pl\/en\/wp-json\/wp\/v2\/media\/5353"}],"wp:attachment":[{"href":"https:\/\/www.slodyczezpomyslem.pl\/en\/wp-json\/wp\/v2\/media?parent=12846"}],"wp:term":[{"taxonomy":"product_brand","embeddable":true,"href":"https:\/\/www.slodyczezpomyslem.pl\/en\/wp-json\/wp\/v2\/product_brand?post=12846"},{"taxonomy":"product_cat","embeddable":true,"href":"https:\/\/www.slodyczezpomyslem.pl\/en\/wp-json\/wp\/v2\/product_cat?post=12846"},{"taxonomy":"product_tag","embeddable":true,"href":"https:\/\/www.slodyczezpomyslem.pl\/en\/wp-json\/wp\/v2\/product_tag?post=12846"}],"curies":[{"name":"wp","href":"https:\/\/api.w.org\/{rel}","templated":true}]}}